{"id":11442,"date":"2026-01-07T01:52:01","date_gmt":"2026-01-07T01:52:01","guid":{"rendered":"https:\/\/dayoumotor.com\/datenschutzrichtlinie\/"},"modified":"2026-01-20T02:57:33","modified_gmt":"2026-01-20T02:57:33","slug":"datenschutzrichtlinie","status":"publish","type":"page","link":"https:\/\/dayoumotor.com\/de\/datenschutzrichtlinie\/","title":{"rendered":"Datenschutzrichtlinie"},"content":{"rendered":"\t\t<div data-elementor-type=\"wp-page\" data-elementor-id=\"11442\" class=\"elementor elementor-11442 elementor-11288\" data-elementor-post-type=\"page\">\n\t\t\t\t<div class=\"elementor-element elementor-element-c70eefb e-flex e-con-boxed e-con e-parent\" data-id=\"c70eefb\" data-element_type=\"container\">\n\t\t\t\t\t<div class=\"e-con-inner\">\n\t\t\t\t<div class=\"elementor-element elementor-element-01f85cf elementor-widget elementor-widget-text-editor\" data-id=\"01f85cf\" data-element_type=\"widget\" data-widget_type=\"text-editor.default\">\n\t\t\t\t\t\t\t\t\t<p>Letzte Aktualisierung: [15. Juni 2025]<\/p><h2>1. Informationen, die wir sammeln<\/h2><p class=\"ds-markdown-paragraph\">Bei Dayou Motor erfassen wir Informationen, die f\u00fcr die Bereitstellung unserer Industriemotoren und Ventilatoren sowie unserer Dienstleistungen erforderlich sind, darunter:<\/p><ul><li><p class=\"ds-markdown-paragraph\">Kontaktinformationen: Name, E-Mail-Adresse, Telefonnummer, Firmenname, Liefer-\/Rechnungsadresse<\/p><\/li><li><p class=\"ds-markdown-paragraph\">Gesch\u00e4ftsinformationen: Branche, Anwendungsanforderungen, technische Spezifikationen<\/p><\/li><li><p class=\"ds-markdown-paragraph\">Kommunikationsdaten: Korrespondenz per E-Mail, WhatsApp, Kontaktformularen oder anderen Kan\u00e4len<\/p><\/li><li><p class=\"ds-markdown-paragraph\">Technische Daten: IP-Adresse, Browsertyp, besuchte Seiten auf <a href=\"https:\/\/dayoumotor.com\/de\/\" target=\"_blank\" rel=\"noopener noreferrer\">dayoumotor.com<\/a> (\u00fcber Cookies)<\/p><\/li><\/ul><h2>2. Wie wir Ihre Daten verwenden<\/h2><p class=\"ds-markdown-paragraph\">Wir verwenden die gesammelten Informationen ausschlie\u00dflich f\u00fcr folgende Zwecke:<\/p><ul><li><p class=\"ds-markdown-paragraph\">Wir erstellen Angebote f\u00fcr Industriemotoren und Ventilatoren.<\/p><\/li><li><p class=\"ds-markdown-paragraph\">Bestellungen bearbeiten und Lieferungen organisieren<\/p><\/li><li><p class=\"ds-markdown-paragraph\">Wir bieten technischen Support und Produktempfehlungen an.<\/p><\/li><li><p class=\"ds-markdown-paragraph\">Verbesserung unserer Website und unserer Dienstleistungen<\/p><\/li><li><p class=\"ds-markdown-paragraph\">Einhaltung der rechtlichen Verpflichtungen<\/p><\/li><\/ul><h2>3. Datenaustausch und -offenlegung<\/h2><p class=\"ds-markdown-paragraph\">Wir verkaufen, tauschen oder vermieten Ihre personenbezogenen Daten nicht. Wir geben Daten gegebenenfalls nur an folgende Stellen weiter: <\/p><ul><li><p class=\"ds-markdown-paragraph\">Dienstleister: Versandunternehmen, Zahlungsabwickler (ausschlie\u00dflich f\u00fcr die Auftragsabwicklung)<\/p><\/li><li><p class=\"ds-markdown-paragraph\">Rechtliche Anforderungen: Wenn dies gesetzlich vorgeschrieben ist oder zum Schutz unserer Rechte erforderlich ist<\/p><\/li><li><p class=\"ds-markdown-paragraph\">Unternehmens\u00fcbertragungen: Im Zusammenhang mit Fusion, Erwerb oder Verkauf von Verm\u00f6genswerten<\/p><\/li><\/ul><h2>4. Datensicherheit<\/h2><p class=\"ds-markdown-paragraph\">Wir setzen geeignete technische und organisatorische Ma\u00dfnahmen zum Schutz Ihrer Daten ein, darunter:<\/p><ul><li><p class=\"ds-markdown-paragraph\">Sichere Website-Verbindungen (HTTPS)<\/p><\/li><li><p class=\"ds-markdown-paragraph\">Eingeschr\u00e4nkter Zugriff auf personenbezogene Daten<\/p><\/li><li><p class=\"ds-markdown-paragraph\">Regelm\u00e4\u00dfige Sicherheits\u00fcberpr\u00fcfungen<\/p><\/li><\/ul><h2>5. Ihre Rechte (Einhaltung der DSGVO)<\/h2><p class=\"ds-markdown-paragraph\">Gem\u00e4\u00df der EU-Datenschutz-Grundverordnung haben Sie das Recht auf:<\/p><ul><li><p class=\"ds-markdown-paragraph\">Greifen Sie auf Ihre bei uns gespeicherten personenbezogenen Daten zu.<\/p><\/li><li><p class=\"ds-markdown-paragraph\">Korrigieren Sie ungenaue oder unvollst\u00e4ndige Daten.<\/p><\/li><li><p class=\"ds-markdown-paragraph\">Beantragen Sie die L\u00f6schung Ihrer Daten (sofern zutreffend)<\/p><\/li><li><p class=\"ds-markdown-paragraph\">Widerspruch gegen oder Einschr\u00e4nkung der Verarbeitung<\/p><\/li><li><p class=\"ds-markdown-paragraph\">Datenportabilit\u00e4t<\/p><\/li><li><p class=\"ds-markdown-paragraph\">Einwilligung jederzeit widerrufen<\/p><\/li><\/ul><p class=\"ds-markdown-paragraph\">Um diese Rechte auszu\u00fcben, kontaktieren Sie: [dayou@dayoumotor.com]<\/p><h2>6. Internationale Daten\u00fcbermittlung<\/h2><p class=\"ds-markdown-paragraph\">Als international t\u00e4tiges Unternehmen k\u00f6nnen Daten in L\u00e4nder au\u00dferhalb der EU\/des EWR \u00fcbermittelt und dort verarbeitet werden. Wir stellen sicher, dass angemessene Schutzma\u00dfnahmen getroffen werden. <\/p><h2>7. Cookies<\/h2><p class=\"ds-markdown-paragraph\">Unsere Website verwendet Cookies, um:<\/p><ul><li><p class=\"ds-markdown-paragraph\">Verbesserung der Benutzererfahrung<\/p><\/li><li><p class=\"ds-markdown-paragraph\">Website-Traffic analysieren<\/p><\/li><li><p class=\"ds-markdown-paragraph\">Benutzereinstellungen speichern<\/p><\/li><\/ul><p class=\"ds-markdown-paragraph\">Sie k\u00f6nnen Cookies \u00fcber Ihre Browsereinstellungen steuern.<\/p><h2>8. Links von Drittanbietern<\/h2><p class=\"ds-markdown-paragraph\">Unsere Website kann Links zu Websites Dritter enthalten. Wir sind nicht f\u00fcr deren Datenschutzpraktiken verantwortlich. <\/p><h2>9. Datenschutz f\u00fcr Kinder<\/h2><p class=\"ds-markdown-paragraph\">Unsere Dienste richten sich nicht an Personen unter 16 Jahren. Wir erfassen wissentlich keine Daten von Kindern. <\/p><h2>10. \u00c4nderungen dieser Richtlinie<\/h2><p class=\"ds-markdown-paragraph\">Diese Richtlinie kann von Zeit zu Zeit aktualisiert werden. Das Datum der letzten Aktualisierung wird entsprechend angepasst. <\/p><h2>11. Kontaktieren Sie uns<\/h2><p class=\"ds-markdown-paragraph\">Bei Fragen zum Datenschutz:<\/p><ul><li><p class=\"ds-markdown-paragraph\">E-Mail: [dayou@dayoumotor.com]<\/p><\/li><li><p class=\"ds-markdown-paragraph\">Adresse: [Nr. 87 Luojiang Industry Road, Fu&#8217;an City, Ningde, Provinz Fujian, China] <\/p><\/li><li><p class=\"ds-markdown-paragraph\">Telefon: [+1 206 756 5113]<\/p><\/li><\/ul>\t\t\t\t\t\t\t\t<\/div>\n\t\t\t\t\t<\/div>\n\t\t\t\t<\/div>\n\t\t\t\t<\/div>\n\t\t","protected":false},"excerpt":{"rendered":"<p>Letzte Aktualisierung: [15. Juni 2025] 1. Informationen, die wir sammeln Bei Dayou Motor erfassen wir Informationen, die f\u00fcr die Bereitstellung unserer Industriemotoren und Ventilatoren sowie unserer Dienstleistungen erforderlich sind, darunter: Kontaktinformationen: Name, E-Mail-Adresse, Telefonnummer, Firmenname, Liefer-\/Rechnungsadresse Gesch\u00e4ftsinformationen: Branche, Anwendungsanforderungen, technische Spezifikationen Kommunikationsdaten: Korrespondenz per E-Mail, WhatsApp, Kontaktformularen oder anderen Kan\u00e4len Technische Daten: IP-Adresse, Browsertyp, besuchte&hellip;<\/p>\n","protected":false},"author":1,"featured_media":0,"parent":0,"menu_order":0,"comment_status":"closed","ping_status":"closed","template":"","meta":{"footnotes":""},"class_list":["post-11442","page","type-page","status-publish","hentry"],"yoast_head":"<!-- This site is optimized with the Yoast SEO Premium plugin v25.4 (Yoast SEO v26.8) - https:\/\/yoast.com\/product\/yoast-seo-premium-wordpress\/ -->\n<title>Datenschutzerkl\u00e4rung | Dayou Motor \u2013 Industriemotoren und Ventilatoren<\/title>\n<meta name=\"description\" content=\"Lesen Sie die Datenschutzrichtlinie von Dayou Motor. Erfahren Sie, wie wir Ihre Daten bei Angeboten, Bestellungen und technischem Support f\u00fcr Industriemotoren sch\u00fctzen. DSGVO-konform.\" \/>\n<meta name=\"robots\" content=\"index, follow, max-snippet:-1, max-image-preview:large, max-video-preview:-1\" \/>\n<link rel=\"canonical\" href=\"https:\/\/dayoumotor.com\/de\/datenschutzrichtlinie\/\" \/>\n<meta property=\"og:locale\" content=\"de_DE\" \/>\n<meta property=\"og:type\" content=\"article\" \/>\n<meta property=\"og:title\" content=\"Datenschutzrichtlinie\" \/>\n<meta property=\"og:description\" content=\"Lesen Sie die Datenschutzrichtlinie von Dayou Motor. Erfahren Sie, wie wir Ihre Daten bei Angeboten, Bestellungen und technischem Support f\u00fcr Industriemotoren sch\u00fctzen. DSGVO-konform.\" \/>\n<meta property=\"og:url\" content=\"https:\/\/dayoumotor.com\/de\/datenschutzrichtlinie\/\" \/>\n<meta property=\"og:site_name\" content=\"DAYOU TECH\" \/>\n<meta property=\"article:modified_time\" content=\"2026-01-20T02:57:33+00:00\" \/>\n<meta name=\"twitter:card\" content=\"summary_large_image\" \/>\n<meta name=\"twitter:label1\" content=\"Gesch\u00e4tzte Lesezeit\" \/>\n\t<meta name=\"twitter:data1\" content=\"2\u00a0Minuten\" \/>\n<script type=\"application\/ld+json\" class=\"yoast-schema-graph\">{\"@context\":\"https:\/\/schema.org\",\"@graph\":[{\"@type\":\"WebPage\",\"@id\":\"https:\/\/dayoumotor.com\/de\/datenschutzrichtlinie\/\",\"url\":\"https:\/\/dayoumotor.com\/de\/datenschutzrichtlinie\/\",\"name\":\"Datenschutzerkl\u00e4rung | Dayou Motor \u2013 Industriemotoren und Ventilatoren\",\"isPartOf\":{\"@id\":\"https:\/\/dayoumotor.com\/#website\"},\"datePublished\":\"2026-01-07T01:52:01+00:00\",\"dateModified\":\"2026-01-20T02:57:33+00:00\",\"description\":\"Lesen Sie die Datenschutzrichtlinie von Dayou Motor. Erfahren Sie, wie wir Ihre Daten bei Angeboten, Bestellungen und technischem Support f\u00fcr Industriemotoren sch\u00fctzen. DSGVO-konform.\",\"breadcrumb\":{\"@id\":\"https:\/\/dayoumotor.com\/de\/datenschutzrichtlinie\/#breadcrumb\"},\"inLanguage\":\"de\",\"potentialAction\":[{\"@type\":\"ReadAction\",\"target\":[\"https:\/\/dayoumotor.com\/de\/datenschutzrichtlinie\/\"]}]},{\"@type\":\"BreadcrumbList\",\"@id\":\"https:\/\/dayoumotor.com\/de\/datenschutzrichtlinie\/#breadcrumb\",\"itemListElement\":[{\"@type\":\"ListItem\",\"position\":1,\"name\":\"Home\",\"item\":\"https:\/\/dayoumotor.com\/de\/home\/\"},{\"@type\":\"ListItem\",\"position\":2,\"name\":\"Datenschutzrichtlinie\"}]},{\"@type\":\"WebSite\",\"@id\":\"https:\/\/dayoumotor.com\/#website\",\"url\":\"https:\/\/dayoumotor.com\/\",\"name\":\"DAYOU TECH\",\"description\":\"DAYOU TECH is a professional industrial electric motor manufacturer in China, specializing in small and medium-sized motors for pumps, fans, HVAC, and automation. With CE and RoHS certifications, we provide reliable OEM\/ODM motor solutions trusted by European partners.\",\"potentialAction\":[{\"@type\":\"SearchAction\",\"target\":{\"@type\":\"EntryPoint\",\"urlTemplate\":\"https:\/\/dayoumotor.com\/?s={search_term_string}\"},\"query-input\":{\"@type\":\"PropertyValueSpecification\",\"valueRequired\":true,\"valueName\":\"search_term_string\"}}],\"inLanguage\":\"de\"}]}<\/script>\n<!-- \/ Yoast SEO Premium plugin. -->","yoast_head_json":{"title":"Datenschutzerkl\u00e4rung | Dayou Motor \u2013 Industriemotoren und Ventilatoren","description":"Lesen Sie die Datenschutzrichtlinie von Dayou Motor. Erfahren Sie, wie wir Ihre Daten bei Angeboten, Bestellungen und technischem Support f\u00fcr Industriemotoren sch\u00fctzen. DSGVO-konform.","robots":{"index":"index","follow":"follow","max-snippet":"max-snippet:-1","max-image-preview":"max-image-preview:large","max-video-preview":"max-video-preview:-1"},"canonical":"https:\/\/dayoumotor.com\/de\/datenschutzrichtlinie\/","og_locale":"de_DE","og_type":"article","og_title":"Datenschutzrichtlinie","og_description":"Lesen Sie die Datenschutzrichtlinie von Dayou Motor. Erfahren Sie, wie wir Ihre Daten bei Angeboten, Bestellungen und technischem Support f\u00fcr Industriemotoren sch\u00fctzen. DSGVO-konform.","og_url":"https:\/\/dayoumotor.com\/de\/datenschutzrichtlinie\/","og_site_name":"DAYOU TECH","article_modified_time":"2026-01-20T02:57:33+00:00","twitter_card":"summary_large_image","twitter_misc":{"Gesch\u00e4tzte Lesezeit":"2\u00a0Minuten"},"schema":{"@context":"https:\/\/schema.org","@graph":[{"@type":"WebPage","@id":"https:\/\/dayoumotor.com\/de\/datenschutzrichtlinie\/","url":"https:\/\/dayoumotor.com\/de\/datenschutzrichtlinie\/","name":"Datenschutzerkl\u00e4rung | Dayou Motor \u2013 Industriemotoren und Ventilatoren","isPartOf":{"@id":"https:\/\/dayoumotor.com\/#website"},"datePublished":"2026-01-07T01:52:01+00:00","dateModified":"2026-01-20T02:57:33+00:00","description":"Lesen Sie die Datenschutzrichtlinie von Dayou Motor. Erfahren Sie, wie wir Ihre Daten bei Angeboten, Bestellungen und technischem Support f\u00fcr Industriemotoren sch\u00fctzen. DSGVO-konform.","breadcrumb":{"@id":"https:\/\/dayoumotor.com\/de\/datenschutzrichtlinie\/#breadcrumb"},"inLanguage":"de","potentialAction":[{"@type":"ReadAction","target":["https:\/\/dayoumotor.com\/de\/datenschutzrichtlinie\/"]}]},{"@type":"BreadcrumbList","@id":"https:\/\/dayoumotor.com\/de\/datenschutzrichtlinie\/#breadcrumb","itemListElement":[{"@type":"ListItem","position":1,"name":"Home","item":"https:\/\/dayoumotor.com\/de\/home\/"},{"@type":"ListItem","position":2,"name":"Datenschutzrichtlinie"}]},{"@type":"WebSite","@id":"https:\/\/dayoumotor.com\/#website","url":"https:\/\/dayoumotor.com\/","name":"DAYOU TECH","description":"DAYOU TECH is a professional industrial electric motor manufacturer in China, specializing in small and medium-sized motors for pumps, fans, HVAC, and automation. With CE and RoHS certifications, we provide reliable OEM\/ODM motor solutions trusted by European partners.","potentialAction":[{"@type":"SearchAction","target":{"@type":"EntryPoint","urlTemplate":"https:\/\/dayoumotor.com\/?s={search_term_string}"},"query-input":{"@type":"PropertyValueSpecification","valueRequired":true,"valueName":"search_term_string"}}],"inLanguage":"de"}]}},"_hostinger_reach_plugin_has_subscription_block":false,"_hostinger_reach_plugin_is_elementor":false,"_links":{"self":[{"href":"https:\/\/dayoumotor.com\/de\/wp-json\/wp\/v2\/pages\/11442","targetHints":{"allow":["GET"]}}],"collection":[{"href":"https:\/\/dayoumotor.com\/de\/wp-json\/wp\/v2\/pages"}],"about":[{"href":"https:\/\/dayoumotor.com\/de\/wp-json\/wp\/v2\/types\/page"}],"author":[{"embeddable":true,"href":"https:\/\/dayoumotor.com\/de\/wp-json\/wp\/v2\/users\/1"}],"replies":[{"embeddable":true,"href":"https:\/\/dayoumotor.com\/de\/wp-json\/wp\/v2\/comments?post=11442"}],"version-history":[{"count":1,"href":"https:\/\/dayoumotor.com\/de\/wp-json\/wp\/v2\/pages\/11442\/revisions"}],"predecessor-version":[{"id":11443,"href":"https:\/\/dayoumotor.com\/de\/wp-json\/wp\/v2\/pages\/11442\/revisions\/11443"}],"wp:attachment":[{"href":"https:\/\/dayoumotor.com\/de\/wp-json\/wp\/v2\/media?parent=11442"}],"curies":[{"name":"wp","href":"https:\/\/api.w.org\/{rel}","templated":true}]}}