{"id":11745,"date":"2026-04-21T05:59:43","date_gmt":"2026-04-21T05:59:43","guid":{"rendered":"https:\/\/dayoumotor.com\/zertifizierungen-konformitaet\/"},"modified":"2026-04-22T07:06:19","modified_gmt":"2026-04-22T07:06:19","slug":"zertifizierungen-konformitaet","status":"publish","type":"page","link":"https:\/\/dayoumotor.com\/de\/zertifizierungen-konformitaet\/","title":{"rendered":"Zertifizierungen &amp; Konformit\u00e4t"},"content":{"rendered":"\t\t<div data-elementor-type=\"wp-page\" data-elementor-id=\"11745\" class=\"elementor elementor-11745 elementor-11704\" data-elementor-post-type=\"page\">\n\t\t\t\t<div class=\"elementor-element elementor-element-2855972 e-flex e-con-boxed e-con e-parent\" data-id=\"2855972\" data-element_type=\"container\">\n\t\t\t\t\t<div class=\"e-con-inner\">\n\t\t<div class=\"elementor-element elementor-element-ca7355a e-con-full e-flex e-con e-child\" data-id=\"ca7355a\" data-element_type=\"container\">\n\t\t\t\t<div class=\"elementor-element elementor-element-b70eea1 elementor-widget elementor-widget-heading\" data-id=\"b70eea1\" data-element_type=\"widget\" data-widget_type=\"heading.default\">\n\t\t\t\t\t<h2 class=\"elementor-heading-title elementor-size-default\">Zertifizierungen &amp; Konformit\u00e4t<\/h2>\t\t\t\t<\/div>\n\t\t\t\t<\/div>\n\t\t<div class=\"elementor-element elementor-element-ddef3e7 e-con-full e-flex e-con e-child\" data-id=\"ddef3e7\" data-element_type=\"container\">\n\t\t\t\t<div class=\"elementor-element elementor-element-aa50da7 elementor-widget elementor-widget-text-editor\" data-id=\"aa50da7\" data-element_type=\"widget\" data-widget_type=\"text-editor.default\">\n\t\t\t\t\t\t\t\t\t<p data-start=\"733\" data-end=\"1005\">Bei Dayou Motor stehen Qualit\u00e4t, Sicherheit und die Einhaltung von Vorschriften im Mittelpunkt unserer Fertigungsphilosophie. Wir halten uns strikt an internationale Normen und Branchenvorschriften, um sicherzustellen, dass jeder von uns gelieferte Motor die globalen Anforderungen an Leistung, Zuverl\u00e4ssigkeit und Sicherheit erf\u00fcllt.<\/p>\t\t\t\t\t\t\t\t<\/div>\n\t\t\t\t<\/div>\n\t\t\t\t\t<\/div>\n\t\t\t\t<\/div>\n\t\t<div class=\"elementor-element elementor-element-1270744 e-flex e-con-boxed e-con e-parent\" data-id=\"1270744\" data-element_type=\"container\">\n\t\t\t\t\t<div class=\"e-con-inner\">\n\t\t<div class=\"elementor-element elementor-element-a99a0f2 e-con-full e-flex e-con e-child\" data-id=\"a99a0f2\" data-element_type=\"container\">\n\t\t\t\t<div class=\"elementor-element elementor-element-38f1144 elementor-widget elementor-widget-image\" data-id=\"38f1144\" data-element_type=\"widget\" data-widget_type=\"image.default\">\n\t\t\t\t\t\t\t\t\t\t\t\t\t\t\t<img fetchpriority=\"high\" decoding=\"async\" width=\"725\" height=\"1024\" src=\"https:\/\/dayoumotor.com\/wp-content\/uploads\/2026\/04\/\u8d28\u91cf\u4f53\u7cfb\u8bc1\u4e66_04-725x1024.png\" class=\"attachment-large size-large wp-image-11711\" alt=\"\" srcset=\"https:\/\/dayoumotor.com\/wp-content\/uploads\/2026\/04\/\u8d28\u91cf\u4f53\u7cfb\u8bc1\u4e66_04-725x1024.png 725w, https:\/\/dayoumotor.com\/wp-content\/uploads\/2026\/04\/\u8d28\u91cf\u4f53\u7cfb\u8bc1\u4e66_04-212x300.png 212w, https:\/\/dayoumotor.com\/wp-content\/uploads\/2026\/04\/\u8d28\u91cf\u4f53\u7cfb\u8bc1\u4e66_04-768x1085.png 768w, https:\/\/dayoumotor.com\/wp-content\/uploads\/2026\/04\/\u8d28\u91cf\u4f53\u7cfb\u8bc1\u4e66_04-1087x1536.png 1087w, https:\/\/dayoumotor.com\/wp-content\/uploads\/2026\/04\/\u8d28\u91cf\u4f53\u7cfb\u8bc1\u4e66_04-1449x2048.png 1449w, https:\/\/dayoumotor.com\/wp-content\/uploads\/2026\/04\/\u8d28\u91cf\u4f53\u7cfb\u8bc1\u4e66_04-17x24.png 17w, https:\/\/dayoumotor.com\/wp-content\/uploads\/2026\/04\/\u8d28\u91cf\u4f53\u7cfb\u8bc1\u4e66_04-25x36.png 25w, https:\/\/dayoumotor.com\/wp-content\/uploads\/2026\/04\/\u8d28\u91cf\u4f53\u7cfb\u8bc1\u4e66_04-34x48.png 34w, https:\/\/dayoumotor.com\/wp-content\/uploads\/2026\/04\/\u8d28\u91cf\u4f53\u7cfb\u8bc1\u4e66_04-scaled.png 1812w\" sizes=\"(max-width: 725px) 100vw, 725px\" \/>\t\t\t\t\t\t\t\t\t\t\t\t\t\t\t<\/div>\n\t\t\t\t<\/div>\n\t\t<div class=\"elementor-element elementor-element-519f27d e-con-full e-flex e-con e-child\" data-id=\"519f27d\" data-element_type=\"container\">\n\t\t\t\t<div class=\"elementor-element elementor-element-710c25d elementor-widget elementor-widget-heading\" data-id=\"710c25d\" data-element_type=\"widget\" data-widget_type=\"heading.default\">\n\t\t\t\t\t<h4 class=\"elementor-heading-title elementor-size-default\">Bescheinigung gem\u00e4\u00df der EU-Richtlinie zur elektromagnetischen Vertr\u00e4glichkeit (EMV)<\/h4>\t\t\t\t<\/div>\n\t\t\t\t<div class=\"elementor-element elementor-element-ed8a8b3 elementor-widget elementor-widget-text-editor\" data-id=\"ed8a8b3\" data-element_type=\"widget\" data-widget_type=\"text-editor.default\">\n\t\t\t\t\t\t\t\t\t<p class=\"ds-markdown-paragraph\">Die Produkte entsprechen der EU-Richtlinie zur elektromagnetischen Vertr\u00e4glichkeit.<\/p><p class=\"ds-markdown-paragraph\">Richtlinie: 2014\/30\/EU Richtlinie \u00fcber elektromagnetische Vertr\u00e4glichkeit \/ Anhang II<\/p><p class=\"ds-markdown-paragraph\">Anwendbare Normen: EN 55011:2016+A2:2021, EN IEC 55014-1:2021<\/p><p class=\"ds-markdown-paragraph\">Produktname: Dreiphasen-Asynchronmotor<\/p><p class=\"ds-markdown-paragraph\">Abgedeckte Modelle: MS632-4, ANP56~ANP355, Y271~Y2355, YE2 71~YE2 355, YE3 71~YE3 355, MS56~MS180, ME2 56~ME2 160, ME3 56~ME3 160, YC71~132<\/p><p class=\"ds-markdown-paragraph\">Zertifikatsnummer: M.2023.206.C83331<\/p><p class=\"ds-markdown-paragraph\">Ausgestellt von: UDEM International Certification Auditing Training Center Industry and Trade Inc. Co. (T\u00fcrkei) <\/p><p class=\"ds-markdown-paragraph\"><a href=\"https:\/\/www.udem.com.tr\/\" target=\"_blank\" rel=\"noopener noreferrer\">Die G\u00fcltigkeit des Zertifikats kann unter www.udem.com.tr \u00fcberpr\u00fcft werden.<\/a><\/p>\t\t\t\t\t\t\t\t<\/div>\n\t\t\t\t<\/div>\n\t\t<div class=\"elementor-element elementor-element-995af8c e-con-full e-flex e-con e-child\" data-id=\"995af8c\" data-element_type=\"container\">\n\t\t\t\t<div class=\"elementor-element elementor-element-b614c85 elementor-widget elementor-widget-image\" data-id=\"b614c85\" data-element_type=\"widget\" data-widget_type=\"image.default\">\n\t\t\t\t\t\t\t\t\t\t\t\t\t\t\t<img decoding=\"async\" width=\"724\" height=\"1024\" src=\"https:\/\/dayoumotor.com\/wp-content\/uploads\/2026\/04\/1cbb005f9513b9abada2384a5464b130-724x1024.jpg\" class=\"attachment-large size-large wp-image-11710\" alt=\"\" srcset=\"https:\/\/dayoumotor.com\/wp-content\/uploads\/2026\/04\/1cbb005f9513b9abada2384a5464b130-724x1024.jpg 724w, https:\/\/dayoumotor.com\/wp-content\/uploads\/2026\/04\/1cbb005f9513b9abada2384a5464b130-212x300.jpg 212w, https:\/\/dayoumotor.com\/wp-content\/uploads\/2026\/04\/1cbb005f9513b9abada2384a5464b130-768x1086.jpg 768w, https:\/\/dayoumotor.com\/wp-content\/uploads\/2026\/04\/1cbb005f9513b9abada2384a5464b130-1086x1536.jpg 1086w, https:\/\/dayoumotor.com\/wp-content\/uploads\/2026\/04\/1cbb005f9513b9abada2384a5464b130-1448x2048.jpg 1448w, https:\/\/dayoumotor.com\/wp-content\/uploads\/2026\/04\/1cbb005f9513b9abada2384a5464b130-17x24.jpg 17w, https:\/\/dayoumotor.com\/wp-content\/uploads\/2026\/04\/1cbb005f9513b9abada2384a5464b130-25x36.jpg 25w, https:\/\/dayoumotor.com\/wp-content\/uploads\/2026\/04\/1cbb005f9513b9abada2384a5464b130-34x48.jpg 34w, https:\/\/dayoumotor.com\/wp-content\/uploads\/2026\/04\/1cbb005f9513b9abada2384a5464b130-scaled.jpg 1810w\" sizes=\"(max-width: 724px) 100vw, 724px\" \/>\t\t\t\t\t\t\t\t\t\t\t\t\t\t\t<\/div>\n\t\t\t\t<\/div>\n\t\t<div class=\"elementor-element elementor-element-11c71db e-con-full e-flex e-con e-child\" data-id=\"11c71db\" data-element_type=\"container\">\n\t\t\t\t<div class=\"elementor-element elementor-element-39e4f55 elementor-widget elementor-widget-heading\" data-id=\"39e4f55\" data-element_type=\"widget\" data-widget_type=\"heading.default\">\n\t\t\t\t\t<h4 class=\"elementor-heading-title elementor-size-default\">ISO 14001:2015 Umweltmanagementsystem-Zertifizierung<\/h4>\t\t\t\t<\/div>\n\t\t\t\t<div class=\"elementor-element elementor-element-7bd0097 elementor-widget elementor-widget-text-editor\" data-id=\"7bd0097\" data-element_type=\"widget\" data-widget_type=\"text-editor.default\">\n\t\t\t\t\t\t\t\t\t<p class=\"ds-markdown-paragraph\">FUJIAN DAYOU NEW ENERGY MOTOR TECHNOLOGY CO., LTD. ist nach ISO 14001:2015 Umweltmanagementsystem zertifiziert.<\/p><p class=\"ds-markdown-paragraph\">Zertifikatsnummer: 11426E00262R101<\/p><p class=\"ds-markdown-paragraph\">Anwendungsbereich: Umweltmanagementaktivit\u00e4ten im Zusammenhang mit der Produktion von dreiphasigen Aluminiummotoren der MS-Serie, dreiphasigen Gusseisenmotoren der Y2-Serie, dreiphasigen Gusseisenmotoren der YE3-Serie und einphasigen Kondensatorstart-Asynchronmotoren der YC Heavy Duty-Serie.<\/p><p class=\"ds-markdown-paragraph\">Ausgestellt von: Beijing East Allreach Certification Center Co., Ltd. (EACC)<\/p><p class=\"ds-markdown-paragraph\">Akkreditierung: Internationale gegenseitige Anerkennung durch CNAS und IAF<\/p><p class=\"ds-markdown-paragraph\"><a href=\"https:\/\/www.cnca.gov.cn\/\" target=\"_blank\" rel=\"noopener noreferrer\">\u00dcberpr\u00fcfen Sie dies unter www.cnca.gov.cn.<\/a><\/p><p class=\"ds-markdown-paragraph\"> <\/p>\t\t\t\t\t\t\t\t<\/div>\n\t\t\t\t<\/div>\n\t\t<div class=\"elementor-element elementor-element-ead506c e-con-full e-flex e-con e-child\" data-id=\"ead506c\" data-element_type=\"container\">\n\t\t\t\t<div class=\"elementor-element elementor-element-03a9cb3 elementor-widget elementor-widget-image\" data-id=\"03a9cb3\" data-element_type=\"widget\" data-widget_type=\"image.default\">\n\t\t\t\t\t\t\t\t\t\t\t\t\t\t\t<img decoding=\"async\" width=\"724\" height=\"1024\" src=\"https:\/\/dayoumotor.com\/wp-content\/uploads\/2026\/04\/45086-M.2023.206.C83331_01-724x1024.png\" class=\"attachment-large size-large wp-image-11708\" alt=\"\" srcset=\"https:\/\/dayoumotor.com\/wp-content\/uploads\/2026\/04\/45086-M.2023.206.C83331_01-724x1024.png 724w, https:\/\/dayoumotor.com\/wp-content\/uploads\/2026\/04\/45086-M.2023.206.C83331_01-212x300.png 212w, https:\/\/dayoumotor.com\/wp-content\/uploads\/2026\/04\/45086-M.2023.206.C83331_01-768x1086.png 768w, https:\/\/dayoumotor.com\/wp-content\/uploads\/2026\/04\/45086-M.2023.206.C83331_01-1087x1536.png 1087w, https:\/\/dayoumotor.com\/wp-content\/uploads\/2026\/04\/45086-M.2023.206.C83331_01-1449x2048.png 1449w, https:\/\/dayoumotor.com\/wp-content\/uploads\/2026\/04\/45086-M.2023.206.C83331_01-17x24.png 17w, https:\/\/dayoumotor.com\/wp-content\/uploads\/2026\/04\/45086-M.2023.206.C83331_01-25x36.png 25w, https:\/\/dayoumotor.com\/wp-content\/uploads\/2026\/04\/45086-M.2023.206.C83331_01-34x48.png 34w, https:\/\/dayoumotor.com\/wp-content\/uploads\/2026\/04\/45086-M.2023.206.C83331_01-scaled.png 1811w\" sizes=\"(max-width: 724px) 100vw, 724px\" \/>\t\t\t\t\t\t\t\t\t\t\t\t\t\t\t<\/div>\n\t\t\t\t<\/div>\n\t\t<div class=\"elementor-element elementor-element-d8bef64 e-con-full e-flex e-con e-child\" data-id=\"d8bef64\" data-element_type=\"container\">\n\t\t\t\t<div class=\"elementor-element elementor-element-bfb0b44 elementor-widget elementor-widget-heading\" data-id=\"bfb0b44\" data-element_type=\"widget\" data-widget_type=\"heading.default\">\n\t\t\t\t\t<h4 class=\"elementor-heading-title elementor-size-default\">Arbeitssicherheitsstandardisierungszertifizierung Stufe III<\/h4>\t\t\t\t<\/div>\n\t\t\t\t<div class=\"elementor-element elementor-element-43ea653 elementor-widget elementor-widget-text-editor\" data-id=\"43ea653\" data-element_type=\"widget\" data-widget_type=\"text-editor.default\">\n\t\t\t\t\t\t\t\t\t<p class=\"ds-markdown-paragraph\">FUJIAN DAYOU NEW ENERGY MOTOR TECHNOLOGY CO., LTD. wurde als Unternehmen der Arbeitssicherheitsnorm Stufe III (Maschinenbau) bewertet und zertifiziert.<\/p><p class=\"ds-markdown-paragraph\">Zertifikatsnummer: Min AQBJXIII202400551<\/p><p class=\"ds-markdown-paragraph\">Herausgegeben vom: Katastrophenschutzb\u00fcro Ningde<\/p><p class=\"ds-markdown-paragraph\">Beaufsichtigt durch: Katastrophenschutzbeh\u00f6rde der Volksrepublik China<\/p><p class=\"ds-markdown-paragraph\">Ausstellungsdatum: 31. Oktober 2024<br>G\u00fcltig bis: Oktober 2027<\/p><p class=\"ds-markdown-paragraph\">Diese Zertifizierung best\u00e4tigt, dass das Unternehmen die nationalen Anforderungen der Stufe III der Arbeitssicherheitsstandards im Maschinenbau erf\u00fcllt, die Sicherheitsmanagementsysteme, Ger\u00e4tesicherheit, Betriebsumgebung und Gesundheitsschutz am Arbeitsplatz umfassen.<\/p>\t\t\t\t\t\t\t\t<\/div>\n\t\t\t\t<\/div>\n\t\t\t\t\t<\/div>\n\t\t\t\t<\/div>\n\t\t<div class=\"elementor-element elementor-element-8004dd7 e-flex e-con-boxed e-con e-parent\" data-id=\"8004dd7\" data-element_type=\"container\">\n\t\t\t\t\t<div class=\"e-con-inner\">\n\t\t\t\t<div class=\"elementor-element elementor-element-9a680ce elementor-widget elementor-widget-text-editor\" data-id=\"9a680ce\" data-element_type=\"widget\" data-widget_type=\"text-editor.default\">\n\t\t\t\t\t\t\t\t\t<p data-start=\"181\" data-end=\"224\"><strong data-start=\"181\" data-end=\"222\">Sicherheit und Innovation als unser Fundament<\/strong><\/p><p data-start=\"226\" data-end=\"498\">Bei Dayou Motor ist Sicherheit in jeden Produktionsschritt integriert \u2013 von der Konstruktion und Entwicklung \u00fcber die Fertigung und Qualit\u00e4tskontrolle bis hin zum Kundenservice. Unser nach ISO 9001 zertifiziertes Managementsystem gew\u00e4hrleistet gleichbleibende Qualit\u00e4t, Zuverl\u00e4ssigkeit und vollst\u00e4ndige Prozesskontrolle. <\/p><p data-start=\"500\" data-end=\"798\">Wir passen uns kontinuierlich dem sich wandelnden globalen Markt an, indem wir unsere Technologien verbessern, Produktionsprozesse optimieren und in Produktentwicklung investieren. Unser Fokus auf Energieeffizienz, Leistung und Umweltverantwortung erm\u00f6glicht es uns, die wachsenden Anforderungen internationaler Kunden zu erf\u00fcllen. <\/p><p data-start=\"800\" data-end=\"1033\">Unterst\u00fctzt von einem erfahrenen technischen Team und einem starken Engagement f\u00fcr kontinuierliche Verbesserung ist Dayou Motor ein zuverl\u00e4ssiger Partner, der verl\u00e4ssliche Motorl\u00f6sungen und langfristigen Mehrwert f\u00fcr ein breites Spektrum industrieller Anwendungen liefert.<\/p>\t\t\t\t\t\t\t\t<\/div>\n\t\t\t\t\t<\/div>\n\t\t\t\t<\/div>\n\t\t<div class=\"elementor-element elementor-element-3a52f78 e-flex e-con-boxed e-con e-parent\" data-id=\"3a52f78\" data-element_type=\"container\">\n\t\t\t\t\t<div class=\"e-con-inner\">\n\t\t<div class=\"elementor-element elementor-element-dedee7d e-con-full e-flex e-con e-child\" data-id=\"dedee7d\" data-element_type=\"container\">\n\t\t\t\t<\/div>\n\t\t<div class=\"elementor-element elementor-element-b1a12aa e-con-full e-flex e-con e-child\" data-id=\"b1a12aa\" data-element_type=\"container\">\n\t\t\t\t<\/div>\n\t\t<div class=\"elementor-element elementor-element-4cda504 e-con-full e-flex e-con e-child\" data-id=\"4cda504\" data-element_type=\"container\">\n\t\t\t\t<\/div>\n\t\t<div class=\"elementor-element elementor-element-b908fc8 e-con-full e-flex e-con e-child\" data-id=\"b908fc8\" data-element_type=\"container\">\n\t\t\t\t<\/div>\n\t\t\t\t\t<\/div>\n\t\t\t\t<\/div>\n\t\t<div class=\"elementor-element elementor-element-18b87d7 e-flex e-con-boxed e-con e-parent\" data-id=\"18b87d7\" data-element_type=\"container\">\n\t\t\t\t\t<div class=\"e-con-inner\">\n\t\t\t\t\t<\/div>\n\t\t\t\t<\/div>\n\t\t\t\t<\/div>\n\t\t","protected":false},"excerpt":{"rendered":"<p>Zertifizierungen &amp; Konformit\u00e4t Bei Dayou Motor stehen Qualit\u00e4t, Sicherheit und die Einhaltung von Vorschriften im Mittelpunkt unserer Fertigungsphilosophie. Wir halten uns strikt an internationale Normen und Branchenvorschriften, um sicherzustellen, dass jeder von uns gelieferte Motor die globalen Anforderungen an Leistung, Zuverl\u00e4ssigkeit und Sicherheit erf\u00fcllt. Bescheinigung gem\u00e4\u00df der EU-Richtlinie zur elektromagnetischen Vertr\u00e4glichkeit (EMV) Die Produkte entsprechen&hellip;<\/p>\n","protected":false},"author":1,"featured_media":0,"parent":0,"menu_order":0,"comment_status":"closed","ping_status":"closed","template":"","meta":{"footnotes":""},"class_list":["post-11745","page","type-page","status-publish","hentry"],"yoast_head":"<!-- This site is optimized with the Yoast SEO Premium plugin v25.4 (Yoast SEO v26.8) - https:\/\/yoast.com\/product\/yoast-seo-premium-wordpress\/ -->\n<title>Zertifizierungen | Dayou Motor \u2013 ISO 9001, EMV- und Sicherheitskonformit\u00e4t<\/title>\n<meta name=\"description\" content=\"Entdecken Sie die Zertifizierungen von Dayou Motor, darunter ISO9001 Qualit\u00e4tsmanagement, elektromagnetische Vertr\u00e4glichkeit (EMV) und Arbeitssicherheitsstandards, die zuverl\u00e4ssige und konforme Motorl\u00f6sungen weltweit gew\u00e4hrleisten.\" \/>\n<meta name=\"robots\" content=\"index, follow, max-snippet:-1, max-image-preview:large, max-video-preview:-1\" \/>\n<link rel=\"canonical\" href=\"https:\/\/dayoumotor.com\/de\/zertifizierungen-konformitaet\/\" \/>\n<meta property=\"og:locale\" content=\"de_DE\" \/>\n<meta property=\"og:type\" content=\"article\" \/>\n<meta property=\"og:title\" content=\"Zertifizierungen &amp; Konformit\u00e4t\" \/>\n<meta property=\"og:description\" content=\"Entdecken Sie die Zertifizierungen von Dayou Motor, darunter ISO9001 Qualit\u00e4tsmanagement, elektromagnetische Vertr\u00e4glichkeit (EMV) und Arbeitssicherheitsstandards, die zuverl\u00e4ssige und konforme Motorl\u00f6sungen weltweit gew\u00e4hrleisten.\" \/>\n<meta property=\"og:url\" content=\"https:\/\/dayoumotor.com\/de\/zertifizierungen-konformitaet\/\" \/>\n<meta property=\"og:site_name\" content=\"DAYOU TECH\" \/>\n<meta property=\"article:modified_time\" content=\"2026-04-22T07:06:19+00:00\" \/>\n<meta property=\"og:image\" content=\"https:\/\/dayoumotor.com\/wp-content\/uploads\/2026\/04\/1cbb005f9513b9abada2384a5464b130-724x1024.jpg\" \/>\n<meta name=\"twitter:card\" content=\"summary_large_image\" \/>\n<meta name=\"twitter:label1\" content=\"Gesch\u00e4tzte Lesezeit\" \/>\n\t<meta name=\"twitter:data1\" content=\"2\u00a0Minuten\" \/>\n<script type=\"application\/ld+json\" class=\"yoast-schema-graph\">{\"@context\":\"https:\/\/schema.org\",\"@graph\":[{\"@type\":\"WebPage\",\"@id\":\"https:\/\/dayoumotor.com\/de\/zertifizierungen-konformitaet\/\",\"url\":\"https:\/\/dayoumotor.com\/de\/zertifizierungen-konformitaet\/\",\"name\":\"Zertifizierungen | Dayou Motor \u2013 ISO 9001, EMV- und Sicherheitskonformit\u00e4t\",\"isPartOf\":{\"@id\":\"https:\/\/dayoumotor.com\/#website\"},\"primaryImageOfPage\":{\"@id\":\"https:\/\/dayoumotor.com\/de\/zertifizierungen-konformitaet\/#primaryimage\"},\"image\":{\"@id\":\"https:\/\/dayoumotor.com\/de\/zertifizierungen-konformitaet\/#primaryimage\"},\"thumbnailUrl\":\"https:\/\/dayoumotor.com\/wp-content\/uploads\/2026\/04\/1cbb005f9513b9abada2384a5464b130-724x1024.jpg\",\"datePublished\":\"2026-04-21T05:59:43+00:00\",\"dateModified\":\"2026-04-22T07:06:19+00:00\",\"description\":\"Entdecken Sie die Zertifizierungen von Dayou Motor, darunter ISO9001 Qualit\u00e4tsmanagement, elektromagnetische Vertr\u00e4glichkeit (EMV) und Arbeitssicherheitsstandards, die zuverl\u00e4ssige und konforme Motorl\u00f6sungen weltweit gew\u00e4hrleisten.\",\"breadcrumb\":{\"@id\":\"https:\/\/dayoumotor.com\/de\/zertifizierungen-konformitaet\/#breadcrumb\"},\"inLanguage\":\"de\",\"potentialAction\":[{\"@type\":\"ReadAction\",\"target\":[\"https:\/\/dayoumotor.com\/de\/zertifizierungen-konformitaet\/\"]}]},{\"@type\":\"ImageObject\",\"inLanguage\":\"de\",\"@id\":\"https:\/\/dayoumotor.com\/de\/zertifizierungen-konformitaet\/#primaryimage\",\"url\":\"https:\/\/dayoumotor.com\/wp-content\/uploads\/2026\/04\/1cbb005f9513b9abada2384a5464b130-724x1024.jpg\",\"contentUrl\":\"https:\/\/dayoumotor.com\/wp-content\/uploads\/2026\/04\/1cbb005f9513b9abada2384a5464b130-724x1024.jpg\"},{\"@type\":\"BreadcrumbList\",\"@id\":\"https:\/\/dayoumotor.com\/de\/zertifizierungen-konformitaet\/#breadcrumb\",\"itemListElement\":[{\"@type\":\"ListItem\",\"position\":1,\"name\":\"Home\",\"item\":\"https:\/\/dayoumotor.com\/de\/home\/\"},{\"@type\":\"ListItem\",\"position\":2,\"name\":\"Zertifizierungen &amp; Konformit\u00e4t\"}]},{\"@type\":\"WebSite\",\"@id\":\"https:\/\/dayoumotor.com\/#website\",\"url\":\"https:\/\/dayoumotor.com\/\",\"name\":\"DAYOU TECH\",\"description\":\"DAYOU TECH is a professional industrial electric motor manufacturer in China, specializing in small and medium-sized motors for pumps, fans, HVAC, and automation. With CE and RoHS certifications, we provide reliable OEM\/ODM motor solutions trusted by European partners.\",\"potentialAction\":[{\"@type\":\"SearchAction\",\"target\":{\"@type\":\"EntryPoint\",\"urlTemplate\":\"https:\/\/dayoumotor.com\/?s={search_term_string}\"},\"query-input\":{\"@type\":\"PropertyValueSpecification\",\"valueRequired\":true,\"valueName\":\"search_term_string\"}}],\"inLanguage\":\"de\"}]}<\/script>\n<!-- \/ Yoast SEO Premium plugin. -->","yoast_head_json":{"title":"Zertifizierungen | Dayou Motor \u2013 ISO 9001, EMV- und Sicherheitskonformit\u00e4t","description":"Entdecken Sie die Zertifizierungen von Dayou Motor, darunter ISO9001 Qualit\u00e4tsmanagement, elektromagnetische Vertr\u00e4glichkeit (EMV) und Arbeitssicherheitsstandards, die zuverl\u00e4ssige und konforme Motorl\u00f6sungen weltweit gew\u00e4hrleisten.","robots":{"index":"index","follow":"follow","max-snippet":"max-snippet:-1","max-image-preview":"max-image-preview:large","max-video-preview":"max-video-preview:-1"},"canonical":"https:\/\/dayoumotor.com\/de\/zertifizierungen-konformitaet\/","og_locale":"de_DE","og_type":"article","og_title":"Zertifizierungen &amp; Konformit\u00e4t","og_description":"Entdecken Sie die Zertifizierungen von Dayou Motor, darunter ISO9001 Qualit\u00e4tsmanagement, elektromagnetische Vertr\u00e4glichkeit (EMV) und Arbeitssicherheitsstandards, die zuverl\u00e4ssige und konforme Motorl\u00f6sungen weltweit gew\u00e4hrleisten.","og_url":"https:\/\/dayoumotor.com\/de\/zertifizierungen-konformitaet\/","og_site_name":"DAYOU TECH","article_modified_time":"2026-04-22T07:06:19+00:00","og_image":[{"url":"https:\/\/dayoumotor.com\/wp-content\/uploads\/2026\/04\/1cbb005f9513b9abada2384a5464b130-724x1024.jpg","type":"","width":"","height":""}],"twitter_card":"summary_large_image","twitter_misc":{"Gesch\u00e4tzte Lesezeit":"2\u00a0Minuten"},"schema":{"@context":"https:\/\/schema.org","@graph":[{"@type":"WebPage","@id":"https:\/\/dayoumotor.com\/de\/zertifizierungen-konformitaet\/","url":"https:\/\/dayoumotor.com\/de\/zertifizierungen-konformitaet\/","name":"Zertifizierungen | Dayou Motor \u2013 ISO 9001, EMV- und Sicherheitskonformit\u00e4t","isPartOf":{"@id":"https:\/\/dayoumotor.com\/#website"},"primaryImageOfPage":{"@id":"https:\/\/dayoumotor.com\/de\/zertifizierungen-konformitaet\/#primaryimage"},"image":{"@id":"https:\/\/dayoumotor.com\/de\/zertifizierungen-konformitaet\/#primaryimage"},"thumbnailUrl":"https:\/\/dayoumotor.com\/wp-content\/uploads\/2026\/04\/1cbb005f9513b9abada2384a5464b130-724x1024.jpg","datePublished":"2026-04-21T05:59:43+00:00","dateModified":"2026-04-22T07:06:19+00:00","description":"Entdecken Sie die Zertifizierungen von Dayou Motor, darunter ISO9001 Qualit\u00e4tsmanagement, elektromagnetische Vertr\u00e4glichkeit (EMV) und Arbeitssicherheitsstandards, die zuverl\u00e4ssige und konforme Motorl\u00f6sungen weltweit gew\u00e4hrleisten.","breadcrumb":{"@id":"https:\/\/dayoumotor.com\/de\/zertifizierungen-konformitaet\/#breadcrumb"},"inLanguage":"de","potentialAction":[{"@type":"ReadAction","target":["https:\/\/dayoumotor.com\/de\/zertifizierungen-konformitaet\/"]}]},{"@type":"ImageObject","inLanguage":"de","@id":"https:\/\/dayoumotor.com\/de\/zertifizierungen-konformitaet\/#primaryimage","url":"https:\/\/dayoumotor.com\/wp-content\/uploads\/2026\/04\/1cbb005f9513b9abada2384a5464b130-724x1024.jpg","contentUrl":"https:\/\/dayoumotor.com\/wp-content\/uploads\/2026\/04\/1cbb005f9513b9abada2384a5464b130-724x1024.jpg"},{"@type":"BreadcrumbList","@id":"https:\/\/dayoumotor.com\/de\/zertifizierungen-konformitaet\/#breadcrumb","itemListElement":[{"@type":"ListItem","position":1,"name":"Home","item":"https:\/\/dayoumotor.com\/de\/home\/"},{"@type":"ListItem","position":2,"name":"Zertifizierungen &amp; Konformit\u00e4t"}]},{"@type":"WebSite","@id":"https:\/\/dayoumotor.com\/#website","url":"https:\/\/dayoumotor.com\/","name":"DAYOU TECH","description":"DAYOU TECH is a professional industrial electric motor manufacturer in China, specializing in small and medium-sized motors for pumps, fans, HVAC, and automation. With CE and RoHS certifications, we provide reliable OEM\/ODM motor solutions trusted by European partners.","potentialAction":[{"@type":"SearchAction","target":{"@type":"EntryPoint","urlTemplate":"https:\/\/dayoumotor.com\/?s={search_term_string}"},"query-input":{"@type":"PropertyValueSpecification","valueRequired":true,"valueName":"search_term_string"}}],"inLanguage":"de"}]}},"_hostinger_reach_plugin_has_subscription_block":false,"_hostinger_reach_plugin_is_elementor":false,"_links":{"self":[{"href":"https:\/\/dayoumotor.com\/de\/wp-json\/wp\/v2\/pages\/11745","targetHints":{"allow":["GET"]}}],"collection":[{"href":"https:\/\/dayoumotor.com\/de\/wp-json\/wp\/v2\/pages"}],"about":[{"href":"https:\/\/dayoumotor.com\/de\/wp-json\/wp\/v2\/types\/page"}],"author":[{"embeddable":true,"href":"https:\/\/dayoumotor.com\/de\/wp-json\/wp\/v2\/users\/1"}],"replies":[{"embeddable":true,"href":"https:\/\/dayoumotor.com\/de\/wp-json\/wp\/v2\/comments?post=11745"}],"version-history":[{"count":1,"href":"https:\/\/dayoumotor.com\/de\/wp-json\/wp\/v2\/pages\/11745\/revisions"}],"predecessor-version":[{"id":11748,"href":"https:\/\/dayoumotor.com\/de\/wp-json\/wp\/v2\/pages\/11745\/revisions\/11748"}],"wp:attachment":[{"href":"https:\/\/dayoumotor.com\/de\/wp-json\/wp\/v2\/media?parent=11745"}],"curies":[{"name":"wp","href":"https:\/\/api.w.org\/{rel}","templated":true}]}}