{"id":11448,"date":"2026-01-07T01:52:01","date_gmt":"2026-01-07T01:52:01","guid":{"rendered":"https:\/\/dayoumotor.com\/politica-de-privacidad\/"},"modified":"2026-01-20T06:21:18","modified_gmt":"2026-01-20T06:21:18","slug":"politica-de-privacidad","status":"publish","type":"page","link":"https:\/\/dayoumotor.com\/es\/politica-de-privacidad\/","title":{"rendered":"pol\u00edtica de privacidad"},"content":{"rendered":"\t\t<div data-elementor-type=\"wp-page\" data-elementor-id=\"11448\" class=\"elementor elementor-11448 elementor-11288\" data-elementor-post-type=\"page\">\n\t\t\t\t<div class=\"elementor-element elementor-element-c70eefb e-flex e-con-boxed e-con e-parent\" data-id=\"c70eefb\" data-element_type=\"container\">\n\t\t\t\t\t<div class=\"e-con-inner\">\n\t\t\t\t<div class=\"elementor-element elementor-element-01f85cf elementor-widget elementor-widget-text-editor\" data-id=\"01f85cf\" data-element_type=\"widget\" data-widget_type=\"text-editor.default\">\n\t\t\t\t\t\t\t\t\t<p>\u00daltima actualizaci\u00f3n: [15 de junio de 2025]<\/p><h2>1. Informaci\u00f3n que recopilamos<\/h2><p class=\"ds-markdown-paragraph\">En Dayou Motor, recopilamos la informaci\u00f3n necesaria para proporcionar nuestros productos y servicios de motores y ventiladores industriales, que incluyen:<\/p><ul><li><p class=\"ds-markdown-paragraph\">Informaci\u00f3n de contacto: Nombre, correo electr\u00f3nico, n\u00famero de tel\u00e9fono, nombre de la empresa, direcci\u00f3n de env\u00edo\/facturaci\u00f3n<\/p><\/li><li><p class=\"ds-markdown-paragraph\">Informaci\u00f3n comercial: tipo de industria, requisitos de la aplicaci\u00f3n, especificaciones t\u00e9cnicas<\/p><\/li><li><p class=\"ds-markdown-paragraph\">Datos de Comunicaci\u00f3n: Correspondencia a trav\u00e9s de correo electr\u00f3nico, WhatsApp, formularios de contacto u otros canales<\/p><\/li><li><p class=\"ds-markdown-paragraph\">Datos t\u00e9cnicos: Direcci\u00f3n IP, tipo de navegador, p\u00e1ginas visitadas en <a href=\"https:\/\/dayoumotor.com\/es\/\" target=\"_blank\" rel=\"noopener noreferrer\">dayoumotor.com<\/a> (a trav\u00e9s de cookies)<\/p><\/li><\/ul><h2>2. C\u00f3mo usamos su informaci\u00f3n<\/h2><p class=\"ds-markdown-paragraph\">Utilizamos la informaci\u00f3n recopilada exclusivamente para:<\/p><ul><li><p class=\"ds-markdown-paragraph\">Proporcionamos cotizaciones para motores y ventiladores industriales.<\/p><\/li><li><p class=\"ds-markdown-paragraph\">Procesamiento de pedidos y organizaci\u00f3n de env\u00edos<\/p><\/li><li><p class=\"ds-markdown-paragraph\">Ofreciendo soporte t\u00e9cnico y recomendaciones de productos.<\/p><\/li><li><p class=\"ds-markdown-paragraph\">Mejorando nuestro sitio web y nuestros servicios<\/p><\/li><li><p class=\"ds-markdown-paragraph\">Cumplimiento de obligaciones legales<\/p><\/li><\/ul><h2>3. Intercambio y divulgaci\u00f3n de datos<\/h2><p class=\"ds-markdown-paragraph\">No vendemos, intercambiamos ni alquilamos su informaci\u00f3n personal. Solo podemos compartir datos con: <\/p><ul><li><p class=\"ds-markdown-paragraph\">Proveedores de servicios: transportistas, procesadores de pagos (estrictamente para el cumplimiento de pedidos)<\/p><\/li><li><p class=\"ds-markdown-paragraph\">Requisitos legales: cuando lo exija la ley o para proteger nuestros derechos<\/p><\/li><li><p class=\"ds-markdown-paragraph\">Transferencias de negocios: En relaci\u00f3n con la fusi\u00f3n, adquisici\u00f3n o venta de activos<\/p><\/li><\/ul><h2>4. Seguridad de los datos<\/h2><p class=\"ds-markdown-paragraph\">Implementamos medidas t\u00e9cnicas y organizativas apropiadas para proteger sus datos, incluyendo:<\/p><ul><li><p class=\"ds-markdown-paragraph\">Conexiones seguras a sitios web (HTTPS)<\/p><\/li><li><p class=\"ds-markdown-paragraph\">Acceso restringido a la informaci\u00f3n personal<\/p><\/li><li><p class=\"ds-markdown-paragraph\">Evaluaciones de seguridad peri\u00f3dicas<\/p><\/li><\/ul><h2>5. Sus derechos (cumplimiento del RGPD)<\/h2><p class=\"ds-markdown-paragraph\">Seg\u00fan el Reglamento General de Protecci\u00f3n de Datos de la UE, usted tiene derecho a:<\/p><ul><li><p class=\"ds-markdown-paragraph\">Acceda a sus datos personales que tenemos<\/p><\/li><li><p class=\"ds-markdown-paragraph\">Corregir datos inexactos o incompletos<\/p><\/li><li><p class=\"ds-markdown-paragraph\">Solicitar la eliminaci\u00f3n de sus datos (cuando corresponda)<\/p><\/li><li><p class=\"ds-markdown-paragraph\">Oponerse o restringir el procesamiento<\/p><\/li><li><p class=\"ds-markdown-paragraph\">Portabilidad de datos<\/p><\/li><li><p class=\"ds-markdown-paragraph\">Retirar el consentimiento en cualquier momento<\/p><\/li><\/ul><p class=\"ds-markdown-paragraph\">Para ejercer estos derechos, contacte con: [dayou@dayoumotor.com]<\/p><h2>6. Transferencias internacionales de datos<\/h2><p class=\"ds-markdown-paragraph\">Como empresa internacional, es posible que sus datos se transfieran y procesen en pa\u00edses fuera de la UE\/EEE. Garantizamos la implementaci\u00f3n de las medidas de seguridad adecuadas. <\/p><h2>7. Galletas<\/h2><p class=\"ds-markdown-paragraph\">Nuestro sitio web utiliza cookies para:<\/p><ul><li><p class=\"ds-markdown-paragraph\">Mejorar la experiencia del usuario<\/p><\/li><li><p class=\"ds-markdown-paragraph\">Analizar el tr\u00e1fico del sitio web<\/p><\/li><li><p class=\"ds-markdown-paragraph\">Recordar las preferencias del usuario<\/p><\/li><\/ul><p class=\"ds-markdown-paragraph\">Puede controlar las cookies a trav\u00e9s de la configuraci\u00f3n de su navegador.<\/p><h2>8. Enlaces de terceros<\/h2><p class=\"ds-markdown-paragraph\">Nuestro sitio web puede contener enlaces a sitios de terceros. No nos responsabilizamos de sus pr\u00e1cticas de privacidad. <\/p><h2>9. Privacidad de los ni\u00f1os<\/h2><p class=\"ds-markdown-paragraph\">Nuestros servicios no est\u00e1n dirigidos a personas menores de 16 a\u00f1os. No recopilamos deliberadamente datos de ni\u00f1os. <\/p><h2>10. Cambios a esta Pol\u00edtica<\/h2><p class=\"ds-markdown-paragraph\">Podemos actualizar esta pol\u00edtica peri\u00f3dicamente. La fecha de \u00ab\u00daltima actualizaci\u00f3n\u00bb reflejar\u00e1 los cambios. <\/p><h2>11. Contacta con nosotros<\/h2><p class=\"ds-markdown-paragraph\">Para consultas relacionadas con la privacidad:<\/p><ul><li><p class=\"ds-markdown-paragraph\">Correo electr\u00f3nico: [dayou@dayoumotor.com]<\/p><\/li><li><p class=\"ds-markdown-paragraph\">Direcci\u00f3n: [No. 87 Luojiang Industry Road, Fu&#8217;an City, Ningde, Fujian Province, China] <\/p><\/li><li><p class=\"ds-markdown-paragraph\">Tel\u00e9fono: [+1 206 756 5113]<\/p><\/li><\/ul>\t\t\t\t\t\t\t\t<\/div>\n\t\t\t\t\t<\/div>\n\t\t\t\t<\/div>\n\t\t\t\t<\/div>\n\t\t","protected":false},"excerpt":{"rendered":"<p>\u00daltima actualizaci\u00f3n: [15 de junio de 2025] 1. Informaci\u00f3n que recopilamos En Dayou Motor, recopilamos la informaci\u00f3n necesaria para proporcionar nuestros productos y servicios de motores y ventiladores industriales, que incluyen: Informaci\u00f3n de contacto: Nombre, correo electr\u00f3nico, n\u00famero de tel\u00e9fono, nombre de la empresa, direcci\u00f3n de env\u00edo\/facturaci\u00f3n Informaci\u00f3n comercial: tipo de industria, requisitos de la&hellip;<\/p>\n","protected":false},"author":1,"featured_media":0,"parent":0,"menu_order":0,"comment_status":"closed","ping_status":"closed","template":"","meta":{"footnotes":""},"class_list":["post-11448","page","type-page","status-publish","hentry"],"yoast_head":"<!-- This site is optimized with the Yoast SEO Premium plugin v25.4 (Yoast SEO v26.8) - https:\/\/yoast.com\/product\/yoast-seo-premium-wordpress\/ -->\n<title>Pol\u00edtica de privacidad | Dayou Motor - Motores y ventiladores industriales<\/title>\n<meta name=\"description\" content=\"Lea la Pol\u00edtica de Privacidad de Dayou Motor. Descubra c\u00f3mo protegemos sus datos para cotizaciones, pedidos y soporte t\u00e9cnico de motores industriales. Cumple con el RGPD.\" \/>\n<meta name=\"robots\" content=\"index, follow, max-snippet:-1, max-image-preview:large, max-video-preview:-1\" \/>\n<link rel=\"canonical\" href=\"https:\/\/dayoumotor.com\/es\/politica-de-privacidad\/\" \/>\n<meta property=\"og:locale\" content=\"es_ES\" \/>\n<meta property=\"og:type\" content=\"article\" \/>\n<meta property=\"og:title\" content=\"pol\u00edtica de privacidad\" \/>\n<meta property=\"og:description\" content=\"Lea la Pol\u00edtica de Privacidad de Dayou Motor. Descubra c\u00f3mo protegemos sus datos para cotizaciones, pedidos y soporte t\u00e9cnico de motores industriales. Cumple con el RGPD.\" \/>\n<meta property=\"og:url\" content=\"https:\/\/dayoumotor.com\/es\/politica-de-privacidad\/\" \/>\n<meta property=\"og:site_name\" content=\"DAYOU TECH\" \/>\n<meta property=\"article:modified_time\" content=\"2026-01-20T06:21:18+00:00\" \/>\n<meta name=\"twitter:card\" content=\"summary_large_image\" \/>\n<meta name=\"twitter:label1\" content=\"Tiempo de lectura\" \/>\n\t<meta name=\"twitter:data1\" content=\"2 minutos\" \/>\n<script type=\"application\/ld+json\" class=\"yoast-schema-graph\">{\"@context\":\"https:\/\/schema.org\",\"@graph\":[{\"@type\":\"WebPage\",\"@id\":\"https:\/\/dayoumotor.com\/es\/politica-de-privacidad\/\",\"url\":\"https:\/\/dayoumotor.com\/es\/politica-de-privacidad\/\",\"name\":\"Pol\u00edtica de privacidad | Dayou Motor - Motores y ventiladores industriales\",\"isPartOf\":{\"@id\":\"https:\/\/dayoumotor.com\/#website\"},\"datePublished\":\"2026-01-07T01:52:01+00:00\",\"dateModified\":\"2026-01-20T06:21:18+00:00\",\"description\":\"Lea la Pol\u00edtica de Privacidad de Dayou Motor. Descubra c\u00f3mo protegemos sus datos para cotizaciones, pedidos y soporte t\u00e9cnico de motores industriales. Cumple con el RGPD.\",\"breadcrumb\":{\"@id\":\"https:\/\/dayoumotor.com\/es\/politica-de-privacidad\/#breadcrumb\"},\"inLanguage\":\"es\",\"potentialAction\":[{\"@type\":\"ReadAction\",\"target\":[\"https:\/\/dayoumotor.com\/es\/politica-de-privacidad\/\"]}]},{\"@type\":\"BreadcrumbList\",\"@id\":\"https:\/\/dayoumotor.com\/es\/politica-de-privacidad\/#breadcrumb\",\"itemListElement\":[{\"@type\":\"ListItem\",\"position\":1,\"name\":\"Home\",\"item\":\"https:\/\/dayoumotor.com\/es\/home\/\"},{\"@type\":\"ListItem\",\"position\":2,\"name\":\"pol\u00edtica de privacidad\"}]},{\"@type\":\"WebSite\",\"@id\":\"https:\/\/dayoumotor.com\/#website\",\"url\":\"https:\/\/dayoumotor.com\/\",\"name\":\"DAYOU TECH\",\"description\":\"DAYOU TECH is a professional industrial electric motor manufacturer in China, specializing in small and medium-sized motors for pumps, fans, HVAC, and automation. With CE and RoHS certifications, we provide reliable OEM\/ODM motor solutions trusted by European partners.\",\"potentialAction\":[{\"@type\":\"SearchAction\",\"target\":{\"@type\":\"EntryPoint\",\"urlTemplate\":\"https:\/\/dayoumotor.com\/?s={search_term_string}\"},\"query-input\":{\"@type\":\"PropertyValueSpecification\",\"valueRequired\":true,\"valueName\":\"search_term_string\"}}],\"inLanguage\":\"es\"}]}<\/script>\n<!-- \/ Yoast SEO Premium plugin. -->","yoast_head_json":{"title":"Pol\u00edtica de privacidad | Dayou Motor - Motores y ventiladores industriales","description":"Lea la Pol\u00edtica de Privacidad de Dayou Motor. Descubra c\u00f3mo protegemos sus datos para cotizaciones, pedidos y soporte t\u00e9cnico de motores industriales. Cumple con el RGPD.","robots":{"index":"index","follow":"follow","max-snippet":"max-snippet:-1","max-image-preview":"max-image-preview:large","max-video-preview":"max-video-preview:-1"},"canonical":"https:\/\/dayoumotor.com\/es\/politica-de-privacidad\/","og_locale":"es_ES","og_type":"article","og_title":"pol\u00edtica de privacidad","og_description":"Lea la Pol\u00edtica de Privacidad de Dayou Motor. Descubra c\u00f3mo protegemos sus datos para cotizaciones, pedidos y soporte t\u00e9cnico de motores industriales. Cumple con el RGPD.","og_url":"https:\/\/dayoumotor.com\/es\/politica-de-privacidad\/","og_site_name":"DAYOU TECH","article_modified_time":"2026-01-20T06:21:18+00:00","twitter_card":"summary_large_image","twitter_misc":{"Tiempo de lectura":"2 minutos"},"schema":{"@context":"https:\/\/schema.org","@graph":[{"@type":"WebPage","@id":"https:\/\/dayoumotor.com\/es\/politica-de-privacidad\/","url":"https:\/\/dayoumotor.com\/es\/politica-de-privacidad\/","name":"Pol\u00edtica de privacidad | Dayou Motor - Motores y ventiladores industriales","isPartOf":{"@id":"https:\/\/dayoumotor.com\/#website"},"datePublished":"2026-01-07T01:52:01+00:00","dateModified":"2026-01-20T06:21:18+00:00","description":"Lea la Pol\u00edtica de Privacidad de Dayou Motor. Descubra c\u00f3mo protegemos sus datos para cotizaciones, pedidos y soporte t\u00e9cnico de motores industriales. Cumple con el RGPD.","breadcrumb":{"@id":"https:\/\/dayoumotor.com\/es\/politica-de-privacidad\/#breadcrumb"},"inLanguage":"es","potentialAction":[{"@type":"ReadAction","target":["https:\/\/dayoumotor.com\/es\/politica-de-privacidad\/"]}]},{"@type":"BreadcrumbList","@id":"https:\/\/dayoumotor.com\/es\/politica-de-privacidad\/#breadcrumb","itemListElement":[{"@type":"ListItem","position":1,"name":"Home","item":"https:\/\/dayoumotor.com\/es\/home\/"},{"@type":"ListItem","position":2,"name":"pol\u00edtica de privacidad"}]},{"@type":"WebSite","@id":"https:\/\/dayoumotor.com\/#website","url":"https:\/\/dayoumotor.com\/","name":"DAYOU TECH","description":"DAYOU TECH is a professional industrial electric motor manufacturer in China, specializing in small and medium-sized motors for pumps, fans, HVAC, and automation. With CE and RoHS certifications, we provide reliable OEM\/ODM motor solutions trusted by European partners.","potentialAction":[{"@type":"SearchAction","target":{"@type":"EntryPoint","urlTemplate":"https:\/\/dayoumotor.com\/?s={search_term_string}"},"query-input":{"@type":"PropertyValueSpecification","valueRequired":true,"valueName":"search_term_string"}}],"inLanguage":"es"}]}},"_hostinger_reach_plugin_has_subscription_block":false,"_hostinger_reach_plugin_is_elementor":false,"_links":{"self":[{"href":"https:\/\/dayoumotor.com\/es\/wp-json\/wp\/v2\/pages\/11448","targetHints":{"allow":["GET"]}}],"collection":[{"href":"https:\/\/dayoumotor.com\/es\/wp-json\/wp\/v2\/pages"}],"about":[{"href":"https:\/\/dayoumotor.com\/es\/wp-json\/wp\/v2\/types\/page"}],"author":[{"embeddable":true,"href":"https:\/\/dayoumotor.com\/es\/wp-json\/wp\/v2\/users\/1"}],"replies":[{"embeddable":true,"href":"https:\/\/dayoumotor.com\/es\/wp-json\/wp\/v2\/comments?post=11448"}],"version-history":[{"count":1,"href":"https:\/\/dayoumotor.com\/es\/wp-json\/wp\/v2\/pages\/11448\/revisions"}],"predecessor-version":[{"id":11449,"href":"https:\/\/dayoumotor.com\/es\/wp-json\/wp\/v2\/pages\/11448\/revisions\/11449"}],"wp:attachment":[{"href":"https:\/\/dayoumotor.com\/es\/wp-json\/wp\/v2\/media?parent=11448"}],"curies":[{"name":"wp","href":"https:\/\/api.w.org\/{rel}","templated":true}]}}