{"id":11753,"date":"2026-04-21T05:59:43","date_gmt":"2026-04-21T05:59:43","guid":{"rendered":"https:\/\/dayoumotor.com\/certificaciones-y-cumplimiento\/"},"modified":"2026-04-22T07:12:57","modified_gmt":"2026-04-22T07:12:57","slug":"certificaciones-y-cumplimiento","status":"publish","type":"page","link":"https:\/\/dayoumotor.com\/es\/certificaciones-y-cumplimiento\/","title":{"rendered":"Certificaciones y cumplimiento"},"content":{"rendered":"\t\t<div data-elementor-type=\"wp-page\" data-elementor-id=\"11753\" class=\"elementor elementor-11753 elementor-11704\" data-elementor-post-type=\"page\">\n\t\t\t\t<div class=\"elementor-element elementor-element-2855972 e-flex e-con-boxed e-con e-parent\" data-id=\"2855972\" data-element_type=\"container\">\n\t\t\t\t\t<div class=\"e-con-inner\">\n\t\t<div class=\"elementor-element elementor-element-ca7355a e-con-full e-flex e-con e-child\" data-id=\"ca7355a\" data-element_type=\"container\">\n\t\t\t\t<div class=\"elementor-element elementor-element-b70eea1 elementor-widget elementor-widget-heading\" data-id=\"b70eea1\" data-element_type=\"widget\" data-widget_type=\"heading.default\">\n\t\t\t\t\t<h2 class=\"elementor-heading-title elementor-size-default\">Certificaciones y cumlimiento<\/h2>\t\t\t\t<\/div>\n\t\t\t\t<\/div>\n\t\t<div class=\"elementor-element elementor-element-ddef3e7 e-con-full e-flex e-con e-child\" data-id=\"ddef3e7\" data-element_type=\"container\">\n\t\t\t\t<div class=\"elementor-element elementor-element-aa50da7 elementor-widget elementor-widget-text-editor\" data-id=\"aa50da7\" data-element_type=\"widget\" data-widget_type=\"text-editor.default\">\n\t\t\t\t\t\t\t\t\t<p data-start=\"733\" data-end=\"1005\">En Dayou Motor, la calidad, la seguridad y el cumplimiento normativo son la base de nuestra filosof\u00eda de fabricaci\u00f3n.<br data-start=\"829\" data-end=\"832\">Cumplimos rigurosamente con los est\u00e1ndares internacionales y las regulaciones del sector para garantizar que cada motor que entregamos cumpla con los requisitos globales de rendimiento, fiabilidad y seguridad.<\/p>\t\t\t\t\t\t\t\t<\/div>\n\t\t\t\t<\/div>\n\t\t\t\t\t<\/div>\n\t\t\t\t<\/div>\n\t\t<div class=\"elementor-element elementor-element-1270744 e-flex e-con-boxed e-con e-parent\" data-id=\"1270744\" data-element_type=\"container\">\n\t\t\t\t\t<div class=\"e-con-inner\">\n\t\t<div class=\"elementor-element elementor-element-a99a0f2 e-con-full e-flex e-con e-child\" data-id=\"a99a0f2\" data-element_type=\"container\">\n\t\t\t\t<div class=\"elementor-element elementor-element-38f1144 elementor-widget elementor-widget-image\" data-id=\"38f1144\" data-element_type=\"widget\" data-widget_type=\"image.default\">\n\t\t\t\t\t\t\t\t\t\t\t\t\t\t\t<img fetchpriority=\"high\" decoding=\"async\" width=\"725\" height=\"1024\" src=\"https:\/\/dayoumotor.com\/wp-content\/uploads\/2026\/04\/\u8d28\u91cf\u4f53\u7cfb\u8bc1\u4e66_04-725x1024.png\" class=\"attachment-large size-large wp-image-11711\" alt=\"\" srcset=\"https:\/\/dayoumotor.com\/wp-content\/uploads\/2026\/04\/\u8d28\u91cf\u4f53\u7cfb\u8bc1\u4e66_04-725x1024.png 725w, https:\/\/dayoumotor.com\/wp-content\/uploads\/2026\/04\/\u8d28\u91cf\u4f53\u7cfb\u8bc1\u4e66_04-212x300.png 212w, https:\/\/dayoumotor.com\/wp-content\/uploads\/2026\/04\/\u8d28\u91cf\u4f53\u7cfb\u8bc1\u4e66_04-768x1085.png 768w, https:\/\/dayoumotor.com\/wp-content\/uploads\/2026\/04\/\u8d28\u91cf\u4f53\u7cfb\u8bc1\u4e66_04-1087x1536.png 1087w, https:\/\/dayoumotor.com\/wp-content\/uploads\/2026\/04\/\u8d28\u91cf\u4f53\u7cfb\u8bc1\u4e66_04-1449x2048.png 1449w, https:\/\/dayoumotor.com\/wp-content\/uploads\/2026\/04\/\u8d28\u91cf\u4f53\u7cfb\u8bc1\u4e66_04-17x24.png 17w, https:\/\/dayoumotor.com\/wp-content\/uploads\/2026\/04\/\u8d28\u91cf\u4f53\u7cfb\u8bc1\u4e66_04-25x36.png 25w, https:\/\/dayoumotor.com\/wp-content\/uploads\/2026\/04\/\u8d28\u91cf\u4f53\u7cfb\u8bc1\u4e66_04-34x48.png 34w, https:\/\/dayoumotor.com\/wp-content\/uploads\/2026\/04\/\u8d28\u91cf\u4f53\u7cfb\u8bc1\u4e66_04-scaled.png 1812w\" sizes=\"(max-width: 725px) 100vw, 725px\" \/>\t\t\t\t\t\t\t\t\t\t\t\t\t\t\t<\/div>\n\t\t\t\t<\/div>\n\t\t<div class=\"elementor-element elementor-element-519f27d e-con-full e-flex e-con e-child\" data-id=\"519f27d\" data-element_type=\"container\">\n\t\t\t\t<div class=\"elementor-element elementor-element-710c25d elementor-widget elementor-widget-heading\" data-id=\"710c25d\" data-element_type=\"widget\" data-widget_type=\"heading.default\">\n\t\t\t\t\t<h4 class=\"elementor-heading-title elementor-size-default\">Certificaci\u00f3n de conformidad con la Directiva de Compatibilidad Electromagn\u00e9tica (CEM) de la UE<\/h4>\t\t\t\t<\/div>\n\t\t\t\t<div class=\"elementor-element elementor-element-ed8a8b3 elementor-widget elementor-widget-text-editor\" data-id=\"ed8a8b3\" data-element_type=\"widget\" data-widget_type=\"text-editor.default\">\n\t\t\t\t\t\t\t\t\t<p class=\"ds-markdown-paragraph\">Los productos cumplen con la Directiva de Compatibilidad Electromagn\u00e9tica de la Uni\u00f3n Europea.<\/p><p class=\"ds-markdown-paragraph\">Directiva: 2014\/30\/UE Directiva de compatibilidad electromagn\u00e9tica \/ Anexo II<\/p><p class=\"ds-markdown-paragraph\">Normas aplicables: EN 55011:2016+A2:2021, EN IEC 55014-1:2021<\/p><p class=\"ds-markdown-paragraph\">Nombre del producto: Motor as\u00edncrono trif\u00e1sico<\/p><p class=\"ds-markdown-paragraph\">Modelos cubiertos: MS632-4, ANP56~ANP355, Y271~Y2355, YE2 71~YE2 355, YE3 71~YE3 355, MS56~MS180, ME2 56~ME2 160, ME3 56~ME3 160, YC71~132<\/p><p class=\"ds-markdown-paragraph\">N\u00famero de certificado: M.2023.206.C83331<\/p><p class=\"ds-markdown-paragraph\">Emitido por: UDEM International Certification Auditing Training Center Industry and Trade Inc. Co. (Turqu\u00eda) <\/p><p class=\"ds-markdown-paragraph\"><a href=\"https:\/\/www.udem.com.tr\/\" target=\"_blank\" rel=\"noopener noreferrer\">La validez del certificado puede verificarse en www.udem.com.tr.<\/a><\/p>\t\t\t\t\t\t\t\t<\/div>\n\t\t\t\t<\/div>\n\t\t<div class=\"elementor-element elementor-element-995af8c e-con-full e-flex e-con e-child\" data-id=\"995af8c\" data-element_type=\"container\">\n\t\t\t\t<div class=\"elementor-element elementor-element-b614c85 elementor-widget elementor-widget-image\" data-id=\"b614c85\" data-element_type=\"widget\" data-widget_type=\"image.default\">\n\t\t\t\t\t\t\t\t\t\t\t\t\t\t\t<img decoding=\"async\" width=\"724\" height=\"1024\" src=\"https:\/\/dayoumotor.com\/wp-content\/uploads\/2026\/04\/1cbb005f9513b9abada2384a5464b130-724x1024.jpg\" class=\"attachment-large size-large wp-image-11710\" alt=\"\" srcset=\"https:\/\/dayoumotor.com\/wp-content\/uploads\/2026\/04\/1cbb005f9513b9abada2384a5464b130-724x1024.jpg 724w, https:\/\/dayoumotor.com\/wp-content\/uploads\/2026\/04\/1cbb005f9513b9abada2384a5464b130-212x300.jpg 212w, https:\/\/dayoumotor.com\/wp-content\/uploads\/2026\/04\/1cbb005f9513b9abada2384a5464b130-768x1086.jpg 768w, https:\/\/dayoumotor.com\/wp-content\/uploads\/2026\/04\/1cbb005f9513b9abada2384a5464b130-1086x1536.jpg 1086w, https:\/\/dayoumotor.com\/wp-content\/uploads\/2026\/04\/1cbb005f9513b9abada2384a5464b130-1448x2048.jpg 1448w, https:\/\/dayoumotor.com\/wp-content\/uploads\/2026\/04\/1cbb005f9513b9abada2384a5464b130-17x24.jpg 17w, https:\/\/dayoumotor.com\/wp-content\/uploads\/2026\/04\/1cbb005f9513b9abada2384a5464b130-25x36.jpg 25w, https:\/\/dayoumotor.com\/wp-content\/uploads\/2026\/04\/1cbb005f9513b9abada2384a5464b130-34x48.jpg 34w, https:\/\/dayoumotor.com\/wp-content\/uploads\/2026\/04\/1cbb005f9513b9abada2384a5464b130-scaled.jpg 1810w\" sizes=\"(max-width: 724px) 100vw, 724px\" \/>\t\t\t\t\t\t\t\t\t\t\t\t\t\t\t<\/div>\n\t\t\t\t<\/div>\n\t\t<div class=\"elementor-element elementor-element-11c71db e-con-full e-flex e-con e-child\" data-id=\"11c71db\" data-element_type=\"container\">\n\t\t\t\t<div class=\"elementor-element elementor-element-39e4f55 elementor-widget elementor-widget-heading\" data-id=\"39e4f55\" data-element_type=\"widget\" data-widget_type=\"heading.default\">\n\t\t\t\t\t<h4 class=\"elementor-heading-title elementor-size-default\">Certificaci\u00f3n del Sistema de Gesti\u00f3n Ambiental ISO 14001:2015<\/h4>\t\t\t\t<\/div>\n\t\t\t\t<div class=\"elementor-element elementor-element-7bd0097 elementor-widget elementor-widget-text-editor\" data-id=\"7bd0097\" data-element_type=\"widget\" data-widget_type=\"text-editor.default\">\n\t\t\t\t\t\t\t\t\t<p class=\"ds-markdown-paragraph\">FUJIAN DAYOU NEW ENERGY MOTOR TECHNOLOGY CO., LTD. cuenta con la certificaci\u00f3n ISO 14001:2015 de Sistema de Gesti\u00f3n Ambiental.<\/p><p class=\"ds-markdown-paragraph\">Certificado n.\u00ba: 11426E00262R101<\/p><p class=\"ds-markdown-paragraph\">Alcance: Actividades de gesti\u00f3n ambiental relacionadas con la producci\u00f3n de motores trif\u00e1sicos de aluminio de la serie MS, motores trif\u00e1sicos de hierro fundido de la serie Y2, motores trif\u00e1sicos de hierro fundido de la serie YE3 y motores as\u00edncronos monof\u00e1sicos de arranque por condensador de la serie YC Heavy Duty.<\/p><p class=\"ds-markdown-paragraph\">Emitido por: Beijing East Allreach Certification Center Co., Ltd. (EACC)<\/p><p class=\"ds-markdown-paragraph\">Acreditaci\u00f3n: Reconocimiento Mutuo Internacional CNAS e IAF<\/p><p class=\"ds-markdown-paragraph\"><a href=\"https:\/\/www.cnca.gov.cn\/\" target=\"_blank\" rel=\"noopener noreferrer\">Verif\u00edcalo en www.cnca.gov.cn.<\/a><\/p><p class=\"ds-markdown-paragraph\"> <\/p>\t\t\t\t\t\t\t\t<\/div>\n\t\t\t\t<\/div>\n\t\t<div class=\"elementor-element elementor-element-ead506c e-con-full e-flex e-con e-child\" data-id=\"ead506c\" data-element_type=\"container\">\n\t\t\t\t<div class=\"elementor-element elementor-element-03a9cb3 elementor-widget elementor-widget-image\" data-id=\"03a9cb3\" data-element_type=\"widget\" data-widget_type=\"image.default\">\n\t\t\t\t\t\t\t\t\t\t\t\t\t\t\t<img decoding=\"async\" width=\"724\" height=\"1024\" src=\"https:\/\/dayoumotor.com\/wp-content\/uploads\/2026\/04\/45086-M.2023.206.C83331_01-724x1024.png\" class=\"attachment-large size-large wp-image-11708\" alt=\"\" srcset=\"https:\/\/dayoumotor.com\/wp-content\/uploads\/2026\/04\/45086-M.2023.206.C83331_01-724x1024.png 724w, https:\/\/dayoumotor.com\/wp-content\/uploads\/2026\/04\/45086-M.2023.206.C83331_01-212x300.png 212w, https:\/\/dayoumotor.com\/wp-content\/uploads\/2026\/04\/45086-M.2023.206.C83331_01-768x1086.png 768w, https:\/\/dayoumotor.com\/wp-content\/uploads\/2026\/04\/45086-M.2023.206.C83331_01-1087x1536.png 1087w, https:\/\/dayoumotor.com\/wp-content\/uploads\/2026\/04\/45086-M.2023.206.C83331_01-1449x2048.png 1449w, https:\/\/dayoumotor.com\/wp-content\/uploads\/2026\/04\/45086-M.2023.206.C83331_01-17x24.png 17w, https:\/\/dayoumotor.com\/wp-content\/uploads\/2026\/04\/45086-M.2023.206.C83331_01-25x36.png 25w, https:\/\/dayoumotor.com\/wp-content\/uploads\/2026\/04\/45086-M.2023.206.C83331_01-34x48.png 34w, https:\/\/dayoumotor.com\/wp-content\/uploads\/2026\/04\/45086-M.2023.206.C83331_01-scaled.png 1811w\" sizes=\"(max-width: 724px) 100vw, 724px\" \/>\t\t\t\t\t\t\t\t\t\t\t\t\t\t\t<\/div>\n\t\t\t\t<\/div>\n\t\t<div class=\"elementor-element elementor-element-d8bef64 e-con-full e-flex e-con e-child\" data-id=\"d8bef64\" data-element_type=\"container\">\n\t\t\t\t<div class=\"elementor-element elementor-element-bfb0b44 elementor-widget elementor-widget-heading\" data-id=\"bfb0b44\" data-element_type=\"widget\" data-widget_type=\"heading.default\">\n\t\t\t\t\t<h4 class=\"elementor-heading-title elementor-size-default\">Certificaci\u00f3n de Nivel III en Estandarizaci\u00f3n de la Seguridad Laboral<\/h4>\t\t\t\t<\/div>\n\t\t\t\t<div class=\"elementor-element elementor-element-43ea653 elementor-widget elementor-widget-text-editor\" data-id=\"43ea653\" data-element_type=\"widget\" data-widget_type=\"text-editor.default\">\n\t\t\t\t\t\t\t\t\t<p class=\"ds-markdown-paragraph\">FUJIAN DAYOU NEW ENERGY MOTOR TECHNOLOGY CO., LTD. ha sido evaluada y certificada como una empresa de nivel III en la estandarizaci\u00f3n de la seguridad laboral (maquinaria).<\/p><p class=\"ds-markdown-paragraph\">N\u00famero de certificado: Min AQBJXIII202400551<\/p><p class=\"ds-markdown-paragraph\">Emitido por: Oficina de Gesti\u00f3n de Emergencias de Ningde<\/p><p class=\"ds-markdown-paragraph\">Supervisado por: Departamento de Gesti\u00f3n de Emergencias de la Rep\u00fablica Popular China<\/p><p class=\"ds-markdown-paragraph\">Fecha de emisi\u00f3n: 31 de octubre de 2024<br>V\u00e1lido hasta: octubre de 2027<\/p><p class=\"ds-markdown-paragraph\">Esta certificaci\u00f3n confirma que la empresa cumple con los requisitos nacionales de estandarizaci\u00f3n de seguridad laboral de nivel III en la fabricaci\u00f3n de maquinaria, que abarcan los sistemas de gesti\u00f3n de la seguridad, la seguridad de los equipos, el entorno operativo y la salud ocupacional.<\/p>\t\t\t\t\t\t\t\t<\/div>\n\t\t\t\t<\/div>\n\t\t\t\t\t<\/div>\n\t\t\t\t<\/div>\n\t\t<div class=\"elementor-element elementor-element-8004dd7 e-flex e-con-boxed e-con e-parent\" data-id=\"8004dd7\" data-element_type=\"container\">\n\t\t\t\t\t<div class=\"e-con-inner\">\n\t\t\t\t<div class=\"elementor-element elementor-element-9a680ce elementor-widget elementor-widget-text-editor\" data-id=\"9a680ce\" data-element_type=\"widget\" data-widget_type=\"text-editor.default\">\n\t\t\t\t\t\t\t\t\t<p data-start=\"181\" data-end=\"224\"><strong data-start=\"181\" data-end=\"222\">La seguridad y la innovaci\u00f3n como nuestros cimientos<\/strong><\/p><p data-start=\"226\" data-end=\"498\">En Dayou Motor, la seguridad est\u00e1 integrada en cada etapa del proceso de producci\u00f3n, desde el dise\u00f1o y la ingenier\u00eda hasta la fabricaci\u00f3n, el control de calidad y el servicio al cliente. Nuestro sistema de gesti\u00f3n certificado ISO 9001 garantiza una calidad constante, fiabilidad y un control total del proceso. <\/p><p data-start=\"500\" data-end=\"798\">Nos adaptamos continuamente a la evoluci\u00f3n del mercado global mediante la mejora de nuestras tecnolog\u00edas, la optimizaci\u00f3n de los procesos de producci\u00f3n y la inversi\u00f3n en el desarrollo de productos. Nuestro enfoque en la eficiencia energ\u00e9tica, el rendimiento y la responsabilidad ambiental nos permite satisfacer las crecientes demandas de los clientes internacionales. <\/p><p data-start=\"800\" data-end=\"1033\">Respaldada por un equipo t\u00e9cnico experimentado y un firme compromiso con la mejora continua, Dayou Motor es un socio fiable que ofrece soluciones de motores fiables y valor a largo plazo en una amplia gama de aplicaciones industriales.<\/p>\t\t\t\t\t\t\t\t<\/div>\n\t\t\t\t\t<\/div>\n\t\t\t\t<\/div>\n\t\t<div class=\"elementor-element elementor-element-3a52f78 e-flex e-con-boxed e-con e-parent\" data-id=\"3a52f78\" data-element_type=\"container\">\n\t\t\t\t\t<div class=\"e-con-inner\">\n\t\t<div class=\"elementor-element elementor-element-dedee7d e-con-full e-flex e-con e-child\" data-id=\"dedee7d\" data-element_type=\"container\">\n\t\t\t\t<\/div>\n\t\t<div class=\"elementor-element elementor-element-b1a12aa e-con-full e-flex e-con e-child\" data-id=\"b1a12aa\" data-element_type=\"container\">\n\t\t\t\t<\/div>\n\t\t<div class=\"elementor-element elementor-element-4cda504 e-con-full e-flex e-con e-child\" data-id=\"4cda504\" data-element_type=\"container\">\n\t\t\t\t<\/div>\n\t\t<div class=\"elementor-element elementor-element-b908fc8 e-con-full e-flex e-con e-child\" data-id=\"b908fc8\" data-element_type=\"container\">\n\t\t\t\t<\/div>\n\t\t\t\t\t<\/div>\n\t\t\t\t<\/div>\n\t\t<div class=\"elementor-element elementor-element-18b87d7 e-flex e-con-boxed e-con e-parent\" data-id=\"18b87d7\" data-element_type=\"container\">\n\t\t\t\t\t<div class=\"e-con-inner\">\n\t\t\t\t\t<\/div>\n\t\t\t\t<\/div>\n\t\t\t\t<\/div>\n\t\t","protected":false},"excerpt":{"rendered":"<p>Certificaciones y cumlimiento En Dayou Motor, la calidad, la seguridad y el cumplimiento normativo son la base de nuestra filosof\u00eda de fabricaci\u00f3n.Cumplimos rigurosamente con los est\u00e1ndares internacionales y las regulaciones del sector para garantizar que cada motor que entregamos cumpla con los requisitos globales de rendimiento, fiabilidad y seguridad. Certificaci\u00f3n de conformidad con la Directiva&hellip;<\/p>\n","protected":false},"author":1,"featured_media":0,"parent":0,"menu_order":0,"comment_status":"closed","ping_status":"closed","template":"","meta":{"footnotes":""},"class_list":["post-11753","page","type-page","status-publish","hentry"],"yoast_head":"<!-- This site is optimized with the Yoast SEO Premium plugin v25.4 (Yoast SEO v26.8) - https:\/\/yoast.com\/product\/yoast-seo-premium-wordpress\/ -->\n<title>Certificaciones | Dayou Motor \u2013 ISO9001, EMC y Cumplimiento de las normas de seguridad<\/title>\n<meta name=\"description\" content=\"Descubra las certificaciones de Dayou Motor, que incluyen la gesti\u00f3n de calidad ISO9001, la compatibilidad electromagn\u00e9tica (CEM) y la estandarizaci\u00f3n de la seguridad laboral, lo que garantiza soluciones de motores fiables y que cumplen con las normativas en todo el mundo.\" \/>\n<meta name=\"robots\" content=\"index, follow, max-snippet:-1, max-image-preview:large, max-video-preview:-1\" \/>\n<link rel=\"canonical\" href=\"https:\/\/dayoumotor.com\/es\/certificaciones-y-cumplimiento\/\" \/>\n<meta property=\"og:locale\" content=\"es_ES\" \/>\n<meta property=\"og:type\" content=\"article\" \/>\n<meta property=\"og:title\" content=\"Certificaciones y cumplimiento\" \/>\n<meta property=\"og:description\" content=\"Descubra las certificaciones de Dayou Motor, que incluyen la gesti\u00f3n de calidad ISO9001, la compatibilidad electromagn\u00e9tica (CEM) y la estandarizaci\u00f3n de la seguridad laboral, lo que garantiza soluciones de motores fiables y que cumplen con las normativas en todo el mundo.\" \/>\n<meta property=\"og:url\" content=\"https:\/\/dayoumotor.com\/es\/certificaciones-y-cumplimiento\/\" \/>\n<meta property=\"og:site_name\" content=\"DAYOU TECH\" \/>\n<meta property=\"article:modified_time\" content=\"2026-04-22T07:12:57+00:00\" \/>\n<meta property=\"og:image\" content=\"https:\/\/dayoumotor.com\/wp-content\/uploads\/2026\/04\/1cbb005f9513b9abada2384a5464b130-724x1024.jpg\" \/>\n<meta name=\"twitter:card\" content=\"summary_large_image\" \/>\n<meta name=\"twitter:label1\" content=\"Tiempo de lectura\" \/>\n\t<meta name=\"twitter:data1\" content=\"3 minutos\" \/>\n<script type=\"application\/ld+json\" class=\"yoast-schema-graph\">{\"@context\":\"https:\/\/schema.org\",\"@graph\":[{\"@type\":\"WebPage\",\"@id\":\"https:\/\/dayoumotor.com\/es\/certificaciones-y-cumplimiento\/\",\"url\":\"https:\/\/dayoumotor.com\/es\/certificaciones-y-cumplimiento\/\",\"name\":\"Certificaciones | Dayou Motor \u2013 ISO9001, EMC y Cumplimiento de las normas de seguridad\",\"isPartOf\":{\"@id\":\"https:\/\/dayoumotor.com\/#website\"},\"primaryImageOfPage\":{\"@id\":\"https:\/\/dayoumotor.com\/es\/certificaciones-y-cumplimiento\/#primaryimage\"},\"image\":{\"@id\":\"https:\/\/dayoumotor.com\/es\/certificaciones-y-cumplimiento\/#primaryimage\"},\"thumbnailUrl\":\"https:\/\/dayoumotor.com\/wp-content\/uploads\/2026\/04\/1cbb005f9513b9abada2384a5464b130-724x1024.jpg\",\"datePublished\":\"2026-04-21T05:59:43+00:00\",\"dateModified\":\"2026-04-22T07:12:57+00:00\",\"description\":\"Descubra las certificaciones de Dayou Motor, que incluyen la gesti\u00f3n de calidad ISO9001, la compatibilidad electromagn\u00e9tica (CEM) y la estandarizaci\u00f3n de la seguridad laboral, lo que garantiza soluciones de motores fiables y que cumplen con las normativas en todo el mundo.\",\"breadcrumb\":{\"@id\":\"https:\/\/dayoumotor.com\/es\/certificaciones-y-cumplimiento\/#breadcrumb\"},\"inLanguage\":\"es\",\"potentialAction\":[{\"@type\":\"ReadAction\",\"target\":[\"https:\/\/dayoumotor.com\/es\/certificaciones-y-cumplimiento\/\"]}]},{\"@type\":\"ImageObject\",\"inLanguage\":\"es\",\"@id\":\"https:\/\/dayoumotor.com\/es\/certificaciones-y-cumplimiento\/#primaryimage\",\"url\":\"https:\/\/dayoumotor.com\/wp-content\/uploads\/2026\/04\/1cbb005f9513b9abada2384a5464b130-724x1024.jpg\",\"contentUrl\":\"https:\/\/dayoumotor.com\/wp-content\/uploads\/2026\/04\/1cbb005f9513b9abada2384a5464b130-724x1024.jpg\"},{\"@type\":\"BreadcrumbList\",\"@id\":\"https:\/\/dayoumotor.com\/es\/certificaciones-y-cumplimiento\/#breadcrumb\",\"itemListElement\":[{\"@type\":\"ListItem\",\"position\":1,\"name\":\"Home\",\"item\":\"https:\/\/dayoumotor.com\/es\/home\/\"},{\"@type\":\"ListItem\",\"position\":2,\"name\":\"Certificaciones y cumplimiento\"}]},{\"@type\":\"WebSite\",\"@id\":\"https:\/\/dayoumotor.com\/#website\",\"url\":\"https:\/\/dayoumotor.com\/\",\"name\":\"DAYOU TECH\",\"description\":\"DAYOU TECH is a professional industrial electric motor manufacturer in China, specializing in small and medium-sized motors for pumps, fans, HVAC, and automation. With CE and RoHS certifications, we provide reliable OEM\/ODM motor solutions trusted by European partners.\",\"potentialAction\":[{\"@type\":\"SearchAction\",\"target\":{\"@type\":\"EntryPoint\",\"urlTemplate\":\"https:\/\/dayoumotor.com\/?s={search_term_string}\"},\"query-input\":{\"@type\":\"PropertyValueSpecification\",\"valueRequired\":true,\"valueName\":\"search_term_string\"}}],\"inLanguage\":\"es\"}]}<\/script>\n<!-- \/ Yoast SEO Premium plugin. -->","yoast_head_json":{"title":"Certificaciones | Dayou Motor \u2013 ISO9001, EMC y Cumplimiento de las normas de seguridad","description":"Descubra las certificaciones de Dayou Motor, que incluyen la gesti\u00f3n de calidad ISO9001, la compatibilidad electromagn\u00e9tica (CEM) y la estandarizaci\u00f3n de la seguridad laboral, lo que garantiza soluciones de motores fiables y que cumplen con las normativas en todo el mundo.","robots":{"index":"index","follow":"follow","max-snippet":"max-snippet:-1","max-image-preview":"max-image-preview:large","max-video-preview":"max-video-preview:-1"},"canonical":"https:\/\/dayoumotor.com\/es\/certificaciones-y-cumplimiento\/","og_locale":"es_ES","og_type":"article","og_title":"Certificaciones y cumplimiento","og_description":"Descubra las certificaciones de Dayou Motor, que incluyen la gesti\u00f3n de calidad ISO9001, la compatibilidad electromagn\u00e9tica (CEM) y la estandarizaci\u00f3n de la seguridad laboral, lo que garantiza soluciones de motores fiables y que cumplen con las normativas en todo el mundo.","og_url":"https:\/\/dayoumotor.com\/es\/certificaciones-y-cumplimiento\/","og_site_name":"DAYOU TECH","article_modified_time":"2026-04-22T07:12:57+00:00","og_image":[{"url":"https:\/\/dayoumotor.com\/wp-content\/uploads\/2026\/04\/1cbb005f9513b9abada2384a5464b130-724x1024.jpg","type":"","width":"","height":""}],"twitter_card":"summary_large_image","twitter_misc":{"Tiempo de lectura":"3 minutos"},"schema":{"@context":"https:\/\/schema.org","@graph":[{"@type":"WebPage","@id":"https:\/\/dayoumotor.com\/es\/certificaciones-y-cumplimiento\/","url":"https:\/\/dayoumotor.com\/es\/certificaciones-y-cumplimiento\/","name":"Certificaciones | Dayou Motor \u2013 ISO9001, EMC y Cumplimiento de las normas de seguridad","isPartOf":{"@id":"https:\/\/dayoumotor.com\/#website"},"primaryImageOfPage":{"@id":"https:\/\/dayoumotor.com\/es\/certificaciones-y-cumplimiento\/#primaryimage"},"image":{"@id":"https:\/\/dayoumotor.com\/es\/certificaciones-y-cumplimiento\/#primaryimage"},"thumbnailUrl":"https:\/\/dayoumotor.com\/wp-content\/uploads\/2026\/04\/1cbb005f9513b9abada2384a5464b130-724x1024.jpg","datePublished":"2026-04-21T05:59:43+00:00","dateModified":"2026-04-22T07:12:57+00:00","description":"Descubra las certificaciones de Dayou Motor, que incluyen la gesti\u00f3n de calidad ISO9001, la compatibilidad electromagn\u00e9tica (CEM) y la estandarizaci\u00f3n de la seguridad laboral, lo que garantiza soluciones de motores fiables y que cumplen con las normativas en todo el mundo.","breadcrumb":{"@id":"https:\/\/dayoumotor.com\/es\/certificaciones-y-cumplimiento\/#breadcrumb"},"inLanguage":"es","potentialAction":[{"@type":"ReadAction","target":["https:\/\/dayoumotor.com\/es\/certificaciones-y-cumplimiento\/"]}]},{"@type":"ImageObject","inLanguage":"es","@id":"https:\/\/dayoumotor.com\/es\/certificaciones-y-cumplimiento\/#primaryimage","url":"https:\/\/dayoumotor.com\/wp-content\/uploads\/2026\/04\/1cbb005f9513b9abada2384a5464b130-724x1024.jpg","contentUrl":"https:\/\/dayoumotor.com\/wp-content\/uploads\/2026\/04\/1cbb005f9513b9abada2384a5464b130-724x1024.jpg"},{"@type":"BreadcrumbList","@id":"https:\/\/dayoumotor.com\/es\/certificaciones-y-cumplimiento\/#breadcrumb","itemListElement":[{"@type":"ListItem","position":1,"name":"Home","item":"https:\/\/dayoumotor.com\/es\/home\/"},{"@type":"ListItem","position":2,"name":"Certificaciones y cumplimiento"}]},{"@type":"WebSite","@id":"https:\/\/dayoumotor.com\/#website","url":"https:\/\/dayoumotor.com\/","name":"DAYOU TECH","description":"DAYOU TECH is a professional industrial electric motor manufacturer in China, specializing in small and medium-sized motors for pumps, fans, HVAC, and automation. With CE and RoHS certifications, we provide reliable OEM\/ODM motor solutions trusted by European partners.","potentialAction":[{"@type":"SearchAction","target":{"@type":"EntryPoint","urlTemplate":"https:\/\/dayoumotor.com\/?s={search_term_string}"},"query-input":{"@type":"PropertyValueSpecification","valueRequired":true,"valueName":"search_term_string"}}],"inLanguage":"es"}]}},"_hostinger_reach_plugin_has_subscription_block":false,"_hostinger_reach_plugin_is_elementor":false,"_links":{"self":[{"href":"https:\/\/dayoumotor.com\/es\/wp-json\/wp\/v2\/pages\/11753","targetHints":{"allow":["GET"]}}],"collection":[{"href":"https:\/\/dayoumotor.com\/es\/wp-json\/wp\/v2\/pages"}],"about":[{"href":"https:\/\/dayoumotor.com\/es\/wp-json\/wp\/v2\/types\/page"}],"author":[{"embeddable":true,"href":"https:\/\/dayoumotor.com\/es\/wp-json\/wp\/v2\/users\/1"}],"replies":[{"embeddable":true,"href":"https:\/\/dayoumotor.com\/es\/wp-json\/wp\/v2\/comments?post=11753"}],"version-history":[{"count":1,"href":"https:\/\/dayoumotor.com\/es\/wp-json\/wp\/v2\/pages\/11753\/revisions"}],"predecessor-version":[{"id":11756,"href":"https:\/\/dayoumotor.com\/es\/wp-json\/wp\/v2\/pages\/11753\/revisions\/11756"}],"wp:attachment":[{"href":"https:\/\/dayoumotor.com\/es\/wp-json\/wp\/v2\/media?parent=11753"}],"curies":[{"name":"wp","href":"https:\/\/api.w.org\/{rel}","templated":true}]}}