{"id":11741,"date":"2026-04-21T05:59:43","date_gmt":"2026-04-21T05:59:43","guid":{"rendered":"https:\/\/dayoumotor.com\/certificazioni-e-conformita\/"},"modified":"2026-04-22T07:06:18","modified_gmt":"2026-04-22T07:06:18","slug":"certificazioni-e-conformita","status":"publish","type":"page","link":"https:\/\/dayoumotor.com\/it\/certificazioni-e-conformita\/","title":{"rendered":"Certificazioni e conformit\u00e0"},"content":{"rendered":"\t\t<div data-elementor-type=\"wp-page\" data-elementor-id=\"11741\" class=\"elementor elementor-11741 elementor-11704\" data-elementor-post-type=\"page\">\n\t\t\t\t<div class=\"elementor-element elementor-element-2855972 e-flex e-con-boxed e-con e-parent\" data-id=\"2855972\" data-element_type=\"container\">\n\t\t\t\t\t<div class=\"e-con-inner\">\n\t\t<div class=\"elementor-element elementor-element-ca7355a e-con-full e-flex e-con e-child\" data-id=\"ca7355a\" data-element_type=\"container\">\n\t\t\t\t<div class=\"elementor-element elementor-element-b70eea1 elementor-widget elementor-widget-heading\" data-id=\"b70eea1\" data-element_type=\"widget\" data-widget_type=\"heading.default\">\n\t\t\t\t\t<h2 class=\"elementor-heading-title elementor-size-default\">Certificazioni e conformit\u00e0<\/h2>\t\t\t\t<\/div>\n\t\t\t\t<\/div>\n\t\t<div class=\"elementor-element elementor-element-ddef3e7 e-con-full e-flex e-con e-child\" data-id=\"ddef3e7\" data-element_type=\"container\">\n\t\t\t\t<div class=\"elementor-element elementor-element-aa50da7 elementor-widget elementor-widget-text-editor\" data-id=\"aa50da7\" data-element_type=\"widget\" data-widget_type=\"text-editor.default\">\n\t\t\t\t\t\t\t\t\t<p data-start=\"733\" data-end=\"1005\">In Dayou Motor, qualit\u00e0, sicurezza e conformit\u00e0 sono al centro della nostra filosofia produttiva.<br data-start=\"829\" data-end=\"832\">Seguiamo rigorosamente gli standard internazionali e le normative di settore per garantire che ogni motore che forniamo soddisfi i requisiti globali in termini di prestazioni, affidabilit\u00e0 e sicurezza.<\/p>\t\t\t\t\t\t\t\t<\/div>\n\t\t\t\t<\/div>\n\t\t\t\t\t<\/div>\n\t\t\t\t<\/div>\n\t\t<div class=\"elementor-element elementor-element-1270744 e-flex e-con-boxed e-con e-parent\" data-id=\"1270744\" data-element_type=\"container\">\n\t\t\t\t\t<div class=\"e-con-inner\">\n\t\t<div class=\"elementor-element elementor-element-a99a0f2 e-con-full e-flex e-con e-child\" data-id=\"a99a0f2\" data-element_type=\"container\">\n\t\t\t\t<div class=\"elementor-element elementor-element-38f1144 elementor-widget elementor-widget-image\" data-id=\"38f1144\" data-element_type=\"widget\" data-widget_type=\"image.default\">\n\t\t\t\t\t\t\t\t\t\t\t\t\t\t\t<img fetchpriority=\"high\" decoding=\"async\" width=\"725\" height=\"1024\" src=\"https:\/\/dayoumotor.com\/wp-content\/uploads\/2026\/04\/\u8d28\u91cf\u4f53\u7cfb\u8bc1\u4e66_04-725x1024.png\" class=\"attachment-large size-large wp-image-11711\" alt=\"\" srcset=\"https:\/\/dayoumotor.com\/wp-content\/uploads\/2026\/04\/\u8d28\u91cf\u4f53\u7cfb\u8bc1\u4e66_04-725x1024.png 725w, https:\/\/dayoumotor.com\/wp-content\/uploads\/2026\/04\/\u8d28\u91cf\u4f53\u7cfb\u8bc1\u4e66_04-212x300.png 212w, https:\/\/dayoumotor.com\/wp-content\/uploads\/2026\/04\/\u8d28\u91cf\u4f53\u7cfb\u8bc1\u4e66_04-768x1085.png 768w, https:\/\/dayoumotor.com\/wp-content\/uploads\/2026\/04\/\u8d28\u91cf\u4f53\u7cfb\u8bc1\u4e66_04-1087x1536.png 1087w, https:\/\/dayoumotor.com\/wp-content\/uploads\/2026\/04\/\u8d28\u91cf\u4f53\u7cfb\u8bc1\u4e66_04-1449x2048.png 1449w, https:\/\/dayoumotor.com\/wp-content\/uploads\/2026\/04\/\u8d28\u91cf\u4f53\u7cfb\u8bc1\u4e66_04-17x24.png 17w, https:\/\/dayoumotor.com\/wp-content\/uploads\/2026\/04\/\u8d28\u91cf\u4f53\u7cfb\u8bc1\u4e66_04-25x36.png 25w, https:\/\/dayoumotor.com\/wp-content\/uploads\/2026\/04\/\u8d28\u91cf\u4f53\u7cfb\u8bc1\u4e66_04-34x48.png 34w, https:\/\/dayoumotor.com\/wp-content\/uploads\/2026\/04\/\u8d28\u91cf\u4f53\u7cfb\u8bc1\u4e66_04-scaled.png 1812w\" sizes=\"(max-width: 725px) 100vw, 725px\" \/>\t\t\t\t\t\t\t\t\t\t\t\t\t\t\t<\/div>\n\t\t\t\t<\/div>\n\t\t<div class=\"elementor-element elementor-element-519f27d e-con-full e-flex e-con e-child\" data-id=\"519f27d\" data-element_type=\"container\">\n\t\t\t\t<div class=\"elementor-element elementor-element-710c25d elementor-widget elementor-widget-heading\" data-id=\"710c25d\" data-element_type=\"widget\" data-widget_type=\"heading.default\">\n\t\t\t\t\t<h4 class=\"elementor-heading-title elementor-size-default\">Attestazione di conformit\u00e0 alla Direttiva UE sulla compatibilit\u00e0 elettromagnetica (EMC)<\/h4>\t\t\t\t<\/div>\n\t\t\t\t<div class=\"elementor-element elementor-element-ed8a8b3 elementor-widget elementor-widget-text-editor\" data-id=\"ed8a8b3\" data-element_type=\"widget\" data-widget_type=\"text-editor.default\">\n\t\t\t\t\t\t\t\t\t<p class=\"ds-markdown-paragraph\">I prodotti sono conformi alla Direttiva sulla compatibilit\u00e0 elettromagnetica dell&#8217;Unione Europea.<\/p><p class=\"ds-markdown-paragraph\">Direttiva: 2014\/30\/UE sulla compatibilit\u00e0 elettromagnetica \/ Allegato II<\/p><p class=\"ds-markdown-paragraph\">Norme applicabili: EN 55011:2016+A2:2021, EN IEC 55014-1:2021<\/p><p class=\"ds-markdown-paragraph\">Nome del prodotto: Motore asincrono trifase<\/p><p class=\"ds-markdown-paragraph\">Modelli coperti: MS632-4, ANP56~ANP355, Y271~Y2355, YE2 71~YE2 355, YE3 71~YE3 355, MS56~MS180, ME2 56~ME2 160, ME3 56~ME3 160, YC71~132<\/p><p class=\"ds-markdown-paragraph\">Numero di certificato: M.2023.206.C83331<\/p><p class=\"ds-markdown-paragraph\">Rilasciato da: UDEM International Certification Auditing Training Center Industry and Trade Inc. Co. (Turchia) <\/p><p class=\"ds-markdown-paragraph\"><a href=\"https:\/\/www.udem.com.tr\/\" target=\"_blank\" rel=\"noopener noreferrer\">La validit\u00e0 del certificato pu\u00f2 essere verificata sul sito www.udem.com.tr.<\/a><\/p>\t\t\t\t\t\t\t\t<\/div>\n\t\t\t\t<\/div>\n\t\t<div class=\"elementor-element elementor-element-995af8c e-con-full e-flex e-con e-child\" data-id=\"995af8c\" data-element_type=\"container\">\n\t\t\t\t<div class=\"elementor-element elementor-element-b614c85 elementor-widget elementor-widget-image\" data-id=\"b614c85\" data-element_type=\"widget\" data-widget_type=\"image.default\">\n\t\t\t\t\t\t\t\t\t\t\t\t\t\t\t<img decoding=\"async\" width=\"724\" height=\"1024\" src=\"https:\/\/dayoumotor.com\/wp-content\/uploads\/2026\/04\/1cbb005f9513b9abada2384a5464b130-724x1024.jpg\" class=\"attachment-large size-large wp-image-11710\" alt=\"\" srcset=\"https:\/\/dayoumotor.com\/wp-content\/uploads\/2026\/04\/1cbb005f9513b9abada2384a5464b130-724x1024.jpg 724w, https:\/\/dayoumotor.com\/wp-content\/uploads\/2026\/04\/1cbb005f9513b9abada2384a5464b130-212x300.jpg 212w, https:\/\/dayoumotor.com\/wp-content\/uploads\/2026\/04\/1cbb005f9513b9abada2384a5464b130-768x1086.jpg 768w, https:\/\/dayoumotor.com\/wp-content\/uploads\/2026\/04\/1cbb005f9513b9abada2384a5464b130-1086x1536.jpg 1086w, https:\/\/dayoumotor.com\/wp-content\/uploads\/2026\/04\/1cbb005f9513b9abada2384a5464b130-1448x2048.jpg 1448w, https:\/\/dayoumotor.com\/wp-content\/uploads\/2026\/04\/1cbb005f9513b9abada2384a5464b130-17x24.jpg 17w, https:\/\/dayoumotor.com\/wp-content\/uploads\/2026\/04\/1cbb005f9513b9abada2384a5464b130-25x36.jpg 25w, https:\/\/dayoumotor.com\/wp-content\/uploads\/2026\/04\/1cbb005f9513b9abada2384a5464b130-34x48.jpg 34w, https:\/\/dayoumotor.com\/wp-content\/uploads\/2026\/04\/1cbb005f9513b9abada2384a5464b130-scaled.jpg 1810w\" sizes=\"(max-width: 724px) 100vw, 724px\" \/>\t\t\t\t\t\t\t\t\t\t\t\t\t\t\t<\/div>\n\t\t\t\t<\/div>\n\t\t<div class=\"elementor-element elementor-element-11c71db e-con-full e-flex e-con e-child\" data-id=\"11c71db\" data-element_type=\"container\">\n\t\t\t\t<div class=\"elementor-element elementor-element-39e4f55 elementor-widget elementor-widget-heading\" data-id=\"39e4f55\" data-element_type=\"widget\" data-widget_type=\"heading.default\">\n\t\t\t\t\t<h4 class=\"elementor-heading-title elementor-size-default\">Certificazione del sistema di gestione ambientale ISO 14001:2015<\/h4>\t\t\t\t<\/div>\n\t\t\t\t<div class=\"elementor-element elementor-element-7bd0097 elementor-widget elementor-widget-text-editor\" data-id=\"7bd0097\" data-element_type=\"widget\" data-widget_type=\"text-editor.default\">\n\t\t\t\t\t\t\t\t\t<p class=\"ds-markdown-paragraph\">FUJIAN DAYOU NEW ENERGY MOTOR TECHNOLOGY CO., LTD. \u00e8 certificata secondo la norma ISO 14001:2015 per il sistema di gestione ambientale.<\/p><p class=\"ds-markdown-paragraph\">Numero di certificato: 11426E00262R101<\/p><p class=\"ds-markdown-paragraph\">Ambito di applicazione: Attivit\u00e0 di gestione ambientale relative alla produzione di motori trifase in alluminio serie MS, motori trifase in ghisa serie Y2, motori trifase in ghisa serie YE3 e motori asincroni monofase ad avviamento a condensatore serie YC Heavy Duty.<\/p><p class=\"ds-markdown-paragraph\">Rilasciato da: Beijing East Allreach Certification Center Co., Ltd. (EACC)<\/p><p class=\"ds-markdown-paragraph\">Accreditamento: CNAS e IAF, riconoscimento reciproco internazionale.<\/p><p class=\"ds-markdown-paragraph\"><a href=\"https:\/\/www.cnca.gov.cn\/\" target=\"_blank\" rel=\"noopener noreferrer\">Verifica sul sito www.cnca.gov.cn.<\/a><\/p><p class=\"ds-markdown-paragraph\"> <\/p>\t\t\t\t\t\t\t\t<\/div>\n\t\t\t\t<\/div>\n\t\t<div class=\"elementor-element elementor-element-ead506c e-con-full e-flex e-con e-child\" data-id=\"ead506c\" data-element_type=\"container\">\n\t\t\t\t<div class=\"elementor-element elementor-element-03a9cb3 elementor-widget elementor-widget-image\" data-id=\"03a9cb3\" data-element_type=\"widget\" data-widget_type=\"image.default\">\n\t\t\t\t\t\t\t\t\t\t\t\t\t\t\t<img decoding=\"async\" width=\"724\" height=\"1024\" src=\"https:\/\/dayoumotor.com\/wp-content\/uploads\/2026\/04\/45086-M.2023.206.C83331_01-724x1024.png\" class=\"attachment-large size-large wp-image-11708\" alt=\"\" srcset=\"https:\/\/dayoumotor.com\/wp-content\/uploads\/2026\/04\/45086-M.2023.206.C83331_01-724x1024.png 724w, https:\/\/dayoumotor.com\/wp-content\/uploads\/2026\/04\/45086-M.2023.206.C83331_01-212x300.png 212w, https:\/\/dayoumotor.com\/wp-content\/uploads\/2026\/04\/45086-M.2023.206.C83331_01-768x1086.png 768w, https:\/\/dayoumotor.com\/wp-content\/uploads\/2026\/04\/45086-M.2023.206.C83331_01-1087x1536.png 1087w, https:\/\/dayoumotor.com\/wp-content\/uploads\/2026\/04\/45086-M.2023.206.C83331_01-1449x2048.png 1449w, https:\/\/dayoumotor.com\/wp-content\/uploads\/2026\/04\/45086-M.2023.206.C83331_01-17x24.png 17w, https:\/\/dayoumotor.com\/wp-content\/uploads\/2026\/04\/45086-M.2023.206.C83331_01-25x36.png 25w, https:\/\/dayoumotor.com\/wp-content\/uploads\/2026\/04\/45086-M.2023.206.C83331_01-34x48.png 34w, https:\/\/dayoumotor.com\/wp-content\/uploads\/2026\/04\/45086-M.2023.206.C83331_01-scaled.png 1811w\" sizes=\"(max-width: 724px) 100vw, 724px\" \/>\t\t\t\t\t\t\t\t\t\t\t\t\t\t\t<\/div>\n\t\t\t\t<\/div>\n\t\t<div class=\"elementor-element elementor-element-d8bef64 e-con-full e-flex e-con e-child\" data-id=\"d8bef64\" data-element_type=\"container\">\n\t\t\t\t<div class=\"elementor-element elementor-element-bfb0b44 elementor-widget elementor-widget-heading\" data-id=\"bfb0b44\" data-element_type=\"widget\" data-widget_type=\"heading.default\">\n\t\t\t\t\t<h4 class=\"elementor-heading-title elementor-size-default\">Certificazione di livello III per la standardizzazione della sicurezza sul lavoro<\/h4>\t\t\t\t<\/div>\n\t\t\t\t<div class=\"elementor-element elementor-element-43ea653 elementor-widget elementor-widget-text-editor\" data-id=\"43ea653\" data-element_type=\"widget\" data-widget_type=\"text-editor.default\">\n\t\t\t\t\t\t\t\t\t<p class=\"ds-markdown-paragraph\">FUJIAN DAYOU NEW ENERGY MOTOR TECHNOLOGY CO., LTD. \u00e8 stata valutata e certificata come impresa di livello III per la sicurezza sul lavoro (Macchinari).<\/p><p class=\"ds-markdown-paragraph\">Numero di certificato: Min AQBJXIII202400551<\/p><p class=\"ds-markdown-paragraph\">Emesso da: Ufficio di gestione delle emergenze di Ningde<\/p><p class=\"ds-markdown-paragraph\">Supervisionato da: Dipartimento per la gestione delle emergenze della Repubblica Popolare Cinese<\/p><p class=\"ds-markdown-paragraph\">Data di emissione: 31 ottobre 2024<br>Valido fino a: ottobre 2027<\/p><p class=\"ds-markdown-paragraph\">Questa certificazione conferma che l&#8217;azienda soddisfa i requisiti nazionali di livello III in materia di sicurezza sul lavoro nella produzione di macchinari, che comprendono sistemi di gestione della sicurezza, sicurezza delle attrezzature, ambiente operativo e salute sul lavoro.<\/p>\t\t\t\t\t\t\t\t<\/div>\n\t\t\t\t<\/div>\n\t\t\t\t\t<\/div>\n\t\t\t\t<\/div>\n\t\t<div class=\"elementor-element elementor-element-8004dd7 e-flex e-con-boxed e-con e-parent\" data-id=\"8004dd7\" data-element_type=\"container\">\n\t\t\t\t\t<div class=\"e-con-inner\">\n\t\t\t\t<div class=\"elementor-element elementor-element-9a680ce elementor-widget elementor-widget-text-editor\" data-id=\"9a680ce\" data-element_type=\"widget\" data-widget_type=\"text-editor.default\">\n\t\t\t\t\t\t\t\t\t<p data-start=\"181\" data-end=\"224\"><strong data-start=\"181\" data-end=\"222\">Sicurezza e innovazione come fondamento della nostra attivit\u00e0<\/strong><\/p><p data-start=\"226\" data-end=\"498\">In Dayou Motor, la sicurezza \u00e8 integrata in ogni fase del processo produttivo, dalla progettazione e ingegneria alla produzione, al controllo qualit\u00e0 e all&#8217;assistenza clienti. Il nostro sistema di gestione certificato ISO 9001 garantisce qualit\u00e0 costante, affidabilit\u00e0 e controllo completo del processo. <\/p><p data-start=\"500\" data-end=\"798\">Ci adattiamo costantemente all&#8217;evoluzione del mercato globale migliorando le nostre tecnologie, ottimizzando i processi produttivi e investendo nello sviluppo dei prodotti. La nostra attenzione all&#8217;efficienza energetica, alle prestazioni e alla responsabilit\u00e0 ambientale ci consente di soddisfare le crescenti esigenze dei clienti internazionali. <\/p><p data-start=\"800\" data-end=\"1033\">Grazie al supporto di un team tecnico esperto e a un forte impegno per il miglioramento continuo, Dayou Motor \u00e8 un partner affidabile che offre soluzioni di motorizzazione sicure e valore a lungo termine in un&#8217;ampia gamma di applicazioni industriali.<\/p>\t\t\t\t\t\t\t\t<\/div>\n\t\t\t\t\t<\/div>\n\t\t\t\t<\/div>\n\t\t<div class=\"elementor-element elementor-element-3a52f78 e-flex e-con-boxed e-con e-parent\" data-id=\"3a52f78\" data-element_type=\"container\">\n\t\t\t\t\t<div class=\"e-con-inner\">\n\t\t<div class=\"elementor-element elementor-element-dedee7d e-con-full e-flex e-con e-child\" data-id=\"dedee7d\" data-element_type=\"container\">\n\t\t\t\t<\/div>\n\t\t<div class=\"elementor-element elementor-element-b1a12aa e-con-full e-flex e-con e-child\" data-id=\"b1a12aa\" data-element_type=\"container\">\n\t\t\t\t<\/div>\n\t\t<div class=\"elementor-element elementor-element-4cda504 e-con-full e-flex e-con e-child\" data-id=\"4cda504\" data-element_type=\"container\">\n\t\t\t\t<\/div>\n\t\t<div class=\"elementor-element elementor-element-b908fc8 e-con-full e-flex e-con e-child\" data-id=\"b908fc8\" data-element_type=\"container\">\n\t\t\t\t<\/div>\n\t\t\t\t\t<\/div>\n\t\t\t\t<\/div>\n\t\t<div class=\"elementor-element elementor-element-18b87d7 e-flex e-con-boxed e-con e-parent\" data-id=\"18b87d7\" data-element_type=\"container\">\n\t\t\t\t\t<div class=\"e-con-inner\">\n\t\t\t\t\t<\/div>\n\t\t\t\t<\/div>\n\t\t\t\t<\/div>\n\t\t","protected":false},"excerpt":{"rendered":"<p>Certificazioni e conformit\u00e0 In Dayou Motor, qualit\u00e0, sicurezza e conformit\u00e0 sono al centro della nostra filosofia produttiva.Seguiamo rigorosamente gli standard internazionali e le normative di settore per garantire che ogni motore che forniamo soddisfi i requisiti globali in termini di prestazioni, affidabilit\u00e0 e sicurezza. Attestazione di conformit\u00e0 alla Direttiva UE sulla compatibilit\u00e0 elettromagnetica (EMC) I&hellip;<\/p>\n","protected":false},"author":1,"featured_media":0,"parent":0,"menu_order":0,"comment_status":"closed","ping_status":"closed","template":"","meta":{"footnotes":""},"class_list":["post-11741","page","type-page","status-publish","hentry"],"yoast_head":"<!-- This site is optimized with the Yoast SEO Premium plugin v25.4 (Yoast SEO v26.8) - https:\/\/yoast.com\/product\/yoast-seo-premium-wordpress\/ -->\n<title>Certificazioni | Dayou Motor \u2013 ISO9001, conformit\u00e0 EMC e sicurezza<\/title>\n<meta name=\"description\" content=\"Scopri le certificazioni di Dayou Motor, tra cui la gestione della qualit\u00e0 ISO 9001, la compatibilit\u00e0 elettromagnetica (EMC) e la standardizzazione della sicurezza sul lavoro, che garantiscono soluzioni di motorizzazione affidabili e conformi in tutto il mondo.\" \/>\n<meta name=\"robots\" content=\"index, follow, max-snippet:-1, max-image-preview:large, max-video-preview:-1\" \/>\n<link rel=\"canonical\" href=\"https:\/\/dayoumotor.com\/it\/certificazioni-e-conformita\/\" \/>\n<meta property=\"og:locale\" content=\"it_IT\" \/>\n<meta property=\"og:type\" content=\"article\" \/>\n<meta property=\"og:title\" content=\"Certificazioni e conformit\u00e0\" \/>\n<meta property=\"og:description\" content=\"Scopri le certificazioni di Dayou Motor, tra cui la gestione della qualit\u00e0 ISO 9001, la compatibilit\u00e0 elettromagnetica (EMC) e la standardizzazione della sicurezza sul lavoro, che garantiscono soluzioni di motorizzazione affidabili e conformi in tutto il mondo.\" \/>\n<meta property=\"og:url\" content=\"https:\/\/dayoumotor.com\/it\/certificazioni-e-conformita\/\" \/>\n<meta property=\"og:site_name\" content=\"DAYOU TECH\" \/>\n<meta property=\"article:modified_time\" content=\"2026-04-22T07:06:18+00:00\" \/>\n<meta property=\"og:image\" content=\"https:\/\/dayoumotor.com\/wp-content\/uploads\/2026\/04\/1cbb005f9513b9abada2384a5464b130-724x1024.jpg\" \/>\n<meta name=\"twitter:card\" content=\"summary_large_image\" \/>\n<meta name=\"twitter:label1\" content=\"Tempo di lettura stimato\" \/>\n\t<meta name=\"twitter:data1\" content=\"2 minuti\" \/>\n<script type=\"application\/ld+json\" class=\"yoast-schema-graph\">{\"@context\":\"https:\/\/schema.org\",\"@graph\":[{\"@type\":\"WebPage\",\"@id\":\"https:\/\/dayoumotor.com\/it\/certificazioni-e-conformita\/\",\"url\":\"https:\/\/dayoumotor.com\/it\/certificazioni-e-conformita\/\",\"name\":\"Certificazioni | Dayou Motor \u2013 ISO9001, conformit\u00e0 EMC e sicurezza\",\"isPartOf\":{\"@id\":\"https:\/\/dayoumotor.com\/#website\"},\"primaryImageOfPage\":{\"@id\":\"https:\/\/dayoumotor.com\/it\/certificazioni-e-conformita\/#primaryimage\"},\"image\":{\"@id\":\"https:\/\/dayoumotor.com\/it\/certificazioni-e-conformita\/#primaryimage\"},\"thumbnailUrl\":\"https:\/\/dayoumotor.com\/wp-content\/uploads\/2026\/04\/1cbb005f9513b9abada2384a5464b130-724x1024.jpg\",\"datePublished\":\"2026-04-21T05:59:43+00:00\",\"dateModified\":\"2026-04-22T07:06:18+00:00\",\"description\":\"Scopri le certificazioni di Dayou Motor, tra cui la gestione della qualit\u00e0 ISO 9001, la compatibilit\u00e0 elettromagnetica (EMC) e la standardizzazione della sicurezza sul lavoro, che garantiscono soluzioni di motorizzazione affidabili e conformi in tutto il mondo.\",\"breadcrumb\":{\"@id\":\"https:\/\/dayoumotor.com\/it\/certificazioni-e-conformita\/#breadcrumb\"},\"inLanguage\":\"it-IT\",\"potentialAction\":[{\"@type\":\"ReadAction\",\"target\":[\"https:\/\/dayoumotor.com\/it\/certificazioni-e-conformita\/\"]}]},{\"@type\":\"ImageObject\",\"inLanguage\":\"it-IT\",\"@id\":\"https:\/\/dayoumotor.com\/it\/certificazioni-e-conformita\/#primaryimage\",\"url\":\"https:\/\/dayoumotor.com\/wp-content\/uploads\/2026\/04\/1cbb005f9513b9abada2384a5464b130-724x1024.jpg\",\"contentUrl\":\"https:\/\/dayoumotor.com\/wp-content\/uploads\/2026\/04\/1cbb005f9513b9abada2384a5464b130-724x1024.jpg\"},{\"@type\":\"BreadcrumbList\",\"@id\":\"https:\/\/dayoumotor.com\/it\/certificazioni-e-conformita\/#breadcrumb\",\"itemListElement\":[{\"@type\":\"ListItem\",\"position\":1,\"name\":\"Home\",\"item\":\"https:\/\/dayoumotor.com\/it\/home\/\"},{\"@type\":\"ListItem\",\"position\":2,\"name\":\"Certificazioni e conformit\u00e0\"}]},{\"@type\":\"WebSite\",\"@id\":\"https:\/\/dayoumotor.com\/#website\",\"url\":\"https:\/\/dayoumotor.com\/\",\"name\":\"DAYOU TECH\",\"description\":\"DAYOU TECH is a professional industrial electric motor manufacturer in China, specializing in small and medium-sized motors for pumps, fans, HVAC, and automation. With CE and RoHS certifications, we provide reliable OEM\/ODM motor solutions trusted by European partners.\",\"potentialAction\":[{\"@type\":\"SearchAction\",\"target\":{\"@type\":\"EntryPoint\",\"urlTemplate\":\"https:\/\/dayoumotor.com\/?s={search_term_string}\"},\"query-input\":{\"@type\":\"PropertyValueSpecification\",\"valueRequired\":true,\"valueName\":\"search_term_string\"}}],\"inLanguage\":\"it-IT\"}]}<\/script>\n<!-- \/ Yoast SEO Premium plugin. -->","yoast_head_json":{"title":"Certificazioni | Dayou Motor \u2013 ISO9001, conformit\u00e0 EMC e sicurezza","description":"Scopri le certificazioni di Dayou Motor, tra cui la gestione della qualit\u00e0 ISO 9001, la compatibilit\u00e0 elettromagnetica (EMC) e la standardizzazione della sicurezza sul lavoro, che garantiscono soluzioni di motorizzazione affidabili e conformi in tutto il mondo.","robots":{"index":"index","follow":"follow","max-snippet":"max-snippet:-1","max-image-preview":"max-image-preview:large","max-video-preview":"max-video-preview:-1"},"canonical":"https:\/\/dayoumotor.com\/it\/certificazioni-e-conformita\/","og_locale":"it_IT","og_type":"article","og_title":"Certificazioni e conformit\u00e0","og_description":"Scopri le certificazioni di Dayou Motor, tra cui la gestione della qualit\u00e0 ISO 9001, la compatibilit\u00e0 elettromagnetica (EMC) e la standardizzazione della sicurezza sul lavoro, che garantiscono soluzioni di motorizzazione affidabili e conformi in tutto il mondo.","og_url":"https:\/\/dayoumotor.com\/it\/certificazioni-e-conformita\/","og_site_name":"DAYOU TECH","article_modified_time":"2026-04-22T07:06:18+00:00","og_image":[{"url":"https:\/\/dayoumotor.com\/wp-content\/uploads\/2026\/04\/1cbb005f9513b9abada2384a5464b130-724x1024.jpg","type":"","width":"","height":""}],"twitter_card":"summary_large_image","twitter_misc":{"Tempo di lettura stimato":"2 minuti"},"schema":{"@context":"https:\/\/schema.org","@graph":[{"@type":"WebPage","@id":"https:\/\/dayoumotor.com\/it\/certificazioni-e-conformita\/","url":"https:\/\/dayoumotor.com\/it\/certificazioni-e-conformita\/","name":"Certificazioni | Dayou Motor \u2013 ISO9001, conformit\u00e0 EMC e sicurezza","isPartOf":{"@id":"https:\/\/dayoumotor.com\/#website"},"primaryImageOfPage":{"@id":"https:\/\/dayoumotor.com\/it\/certificazioni-e-conformita\/#primaryimage"},"image":{"@id":"https:\/\/dayoumotor.com\/it\/certificazioni-e-conformita\/#primaryimage"},"thumbnailUrl":"https:\/\/dayoumotor.com\/wp-content\/uploads\/2026\/04\/1cbb005f9513b9abada2384a5464b130-724x1024.jpg","datePublished":"2026-04-21T05:59:43+00:00","dateModified":"2026-04-22T07:06:18+00:00","description":"Scopri le certificazioni di Dayou Motor, tra cui la gestione della qualit\u00e0 ISO 9001, la compatibilit\u00e0 elettromagnetica (EMC) e la standardizzazione della sicurezza sul lavoro, che garantiscono soluzioni di motorizzazione affidabili e conformi in tutto il mondo.","breadcrumb":{"@id":"https:\/\/dayoumotor.com\/it\/certificazioni-e-conformita\/#breadcrumb"},"inLanguage":"it-IT","potentialAction":[{"@type":"ReadAction","target":["https:\/\/dayoumotor.com\/it\/certificazioni-e-conformita\/"]}]},{"@type":"ImageObject","inLanguage":"it-IT","@id":"https:\/\/dayoumotor.com\/it\/certificazioni-e-conformita\/#primaryimage","url":"https:\/\/dayoumotor.com\/wp-content\/uploads\/2026\/04\/1cbb005f9513b9abada2384a5464b130-724x1024.jpg","contentUrl":"https:\/\/dayoumotor.com\/wp-content\/uploads\/2026\/04\/1cbb005f9513b9abada2384a5464b130-724x1024.jpg"},{"@type":"BreadcrumbList","@id":"https:\/\/dayoumotor.com\/it\/certificazioni-e-conformita\/#breadcrumb","itemListElement":[{"@type":"ListItem","position":1,"name":"Home","item":"https:\/\/dayoumotor.com\/it\/home\/"},{"@type":"ListItem","position":2,"name":"Certificazioni e conformit\u00e0"}]},{"@type":"WebSite","@id":"https:\/\/dayoumotor.com\/#website","url":"https:\/\/dayoumotor.com\/","name":"DAYOU TECH","description":"DAYOU TECH is a professional industrial electric motor manufacturer in China, specializing in small and medium-sized motors for pumps, fans, HVAC, and automation. With CE and RoHS certifications, we provide reliable OEM\/ODM motor solutions trusted by European partners.","potentialAction":[{"@type":"SearchAction","target":{"@type":"EntryPoint","urlTemplate":"https:\/\/dayoumotor.com\/?s={search_term_string}"},"query-input":{"@type":"PropertyValueSpecification","valueRequired":true,"valueName":"search_term_string"}}],"inLanguage":"it-IT"}]}},"_hostinger_reach_plugin_has_subscription_block":false,"_hostinger_reach_plugin_is_elementor":false,"_links":{"self":[{"href":"https:\/\/dayoumotor.com\/it\/wp-json\/wp\/v2\/pages\/11741","targetHints":{"allow":["GET"]}}],"collection":[{"href":"https:\/\/dayoumotor.com\/it\/wp-json\/wp\/v2\/pages"}],"about":[{"href":"https:\/\/dayoumotor.com\/it\/wp-json\/wp\/v2\/types\/page"}],"author":[{"embeddable":true,"href":"https:\/\/dayoumotor.com\/it\/wp-json\/wp\/v2\/users\/1"}],"replies":[{"embeddable":true,"href":"https:\/\/dayoumotor.com\/it\/wp-json\/wp\/v2\/comments?post=11741"}],"version-history":[{"count":1,"href":"https:\/\/dayoumotor.com\/it\/wp-json\/wp\/v2\/pages\/11741\/revisions"}],"predecessor-version":[{"id":11744,"href":"https:\/\/dayoumotor.com\/it\/wp-json\/wp\/v2\/pages\/11741\/revisions\/11744"}],"wp:attachment":[{"href":"https:\/\/dayoumotor.com\/it\/wp-json\/wp\/v2\/media?parent=11741"}],"curies":[{"name":"wp","href":"https:\/\/api.w.org\/{rel}","templated":true}]}}